{"id":1162,"date":"2015-12-04T16:04:48","date_gmt":"2015-12-04T15:04:48","guid":{"rendered":"https:\/\/www.gasthof-seefeld.com\/en\/webcam\/"},"modified":"2025-04-22T08:24:05","modified_gmt":"2025-04-22T06:24:05","slug":"webcam","status":"publish","type":"page","link":"https:\/\/www.gasthof-seefeld.com\/en\/webcam\/","title":{"rendered":"Webcam"},"content":{"rendered":"    <div id=\"ep-block-pre-text-block_ff3b666a6ffc9132b13f7e86a4b9625e\" class=\"ep-block-pre-text ep-block \">\n        <div class=\"pre-text\">\n            <p>Use the <strong>Seefeld webcam<\/strong> to query live stream, current images, weather and lift operations. Here you can get a panoramic view of the weather in and around Seefeld.<\/p>\n\n        <\/div>\n    <\/div>\n\n\n\n<div style=\"height:50px\" aria-hidden=\"true\" class=\"wp-block-spacer\"><\/div>\n\n\n<div id=\"ep-block-swirl-block_f74438f9fa9d0f262639aa2aa10f7d2d\" class=\"ep-block-swirl ep-block \">\n    <div class=\"swirl\">\n        <?xml version=\"1.0\" encoding=\"utf-8\"?>\n<!-- Generator: Adobe Illustrator 25.2.3, SVG Export Plug-In . SVG Version: 6.00 Build 0)  -->\n<svg version=\"1.1\" id=\"Ebene_1\" xmlns=\"http:\/\/www.w3.org\/2000\/svg\" xmlns:xlink=\"http:\/\/www.w3.org\/1999\/xlink\" x=\"0px\" y=\"0px\"\n\t viewBox=\"0 0 381.6 47.6\" style=\"enable-background:new 0 0 381.6 47.6;\" xml:space=\"preserve\">\n<style type=\"text\/css\">\n\t.st0{fill:#FFFFFF;}\n<\/style>\n<g id=\"Gruppe_13\" transform=\"translate(-75.211 -333.373)\">\n\t<path id=\"Pfad_42\" class=\"st0\" d=\"M456.7,346.6c-0.9-6.8-7-10.4-13.1-11.9c-7.1-1.7-15.6-2.3-22.2,1.3c-2,1.1-3.7,2.5-5,4.3\n\t\tc-1.5-0.2-3.1-0.3-4.4-0.4c-10.9-0.5-21.5,1.5-32.1,3.6c-0.4,0.1-0.3,0.7,0.2,0.7c10.5-1.7,21.3-3.4,31.9-2.9\n\t\tc1.2,0.1,2.4,0.1,3.6,0.3c-1.7,2.5-2.4,5.6-2.1,8.6c1.4,12.6,22.1,8.9,17-2.2c-2.1-4.6-7.3-6.6-12.3-7.4c4.8-5.3,13.6-5.9,20.6-4.8\n\t\tc9.1,1.4,19,6.4,15.3,17.3c-2.7,8.1-10.3,14.4-17.5,18.6c-7.6,4.3-16.1,6.6-24.9,6.7c-9.3,0-18.2-2.8-26.7-6.2\n\t\tc-16.3-6.7-32.6-16.5-50.9-15.4c-1.8,0.1-3.6,0.3-5.3,0.7c-7.7-10.9-23.9-15.8-36.3-15.9c-8.3,0-17.6,1.6-24.5,6.7\n\t\tc-5.1,3.7-9.8,10.2-6.8,16.7c2.6,5.7,9.8,7.2,15.4,5.6c8.1-2.2,12.7-10.1,16.5-16.9c0-0.1,0-0.2-0.1-0.2c-0.1,0-0.2,0-0.2,0.1\n\t\tc-4.5,7.1-10.2,16.2-19.6,16.6c-3.8,0.2-7.9-1.1-10.2-4.3c-3-4.3-1.1-9.6,2.1-13.2c5.8-6.6,15.3-9.1,23.7-9.6\n\t\tc8.7-0.6,17.4,1.1,25.3,4.9c4.7,2.3,9.8,5.6,13.2,9.9c-4.8,1-9.1,3.4-12.3,7.1c-3.5,4.2-4.9,10.7,0.1,14.4\n\t\tc4.1,2.8,9.6,2.5,13.4-0.8c4.7-4.2,5.1-11.7,2.6-17.2c-0.4-0.9-0.9-1.8-1.4-2.6c9.5-1.7,19.2,0.4,28.2,3.5\n\t\tc16.4,5.7,31.5,15.8,49.2,17.6c15.3,1.4,30.5-4,41.5-14.7C453,360.2,457.6,353.6,456.7,346.6z M424.3,344c3.5,1.9,7.3,6.1,4.6,10.2\n\t\tc-1.9,2.9-6.2,3.4-9.2,2.4c-4.5-1.5-5.8-6.5-4.6-10.7c0.4-1.5,1.1-2.9,2-4.1C419.6,342.1,422,342.8,424.3,344z M331,367\n\t\tc0.3,4.2-1.1,8.9-4.8,11.2c-3.4,2.2-8.6,2-11.5-1.1c-3.4-3.8-1.3-9,1.7-12.2c3.1-3.4,7.2-5.1,11.6-6.1\n\t\tC329.8,361.2,330.8,364,331,367z\"\/>\n\t<path id=\"Pfad_43\" class=\"st0\" d=\"M83.7,364.9c11,10.7,26.2,16.1,41.5,14.7c17.7-1.8,32.8-11.9,49.2-17.6c9-3.1,18.7-5.2,28.2-3.5\n\t\tc-0.5,0.8-1,1.7-1.4,2.6c-2.5,5.5-2.2,12.9,2.6,17.2c3.8,3.3,9.3,3.6,13.4,0.8c4.9-3.7,3.6-10.3,0.1-14.4\n\t\tc-3.2-3.6-7.6-6.1-12.3-7.1c3.4-4.3,8.5-7.6,13.2-9.9c7.9-3.8,16.6-5.4,25.3-4.9c8.5,0.6,17.9,3,23.7,9.6c3.2,3.6,5.1,8.8,2.1,13.2\n\t\tc-2.2,3.2-6.4,4.5-10.2,4.3c-9.4-0.4-15.1-9.5-19.6-16.6c-0.1-0.1-0.2-0.1-0.2,0c-0.1,0-0.1,0.1-0.1,0.2\n\t\tc3.8,6.8,8.4,14.7,16.5,16.9c5.6,1.5,12.7,0,15.4-5.6c3-6.5-1.8-13-6.8-16.7c-6.8-5-16.2-6.7-24.5-6.7c-12.4,0.1-28.6,5-36.3,15.9\n\t\tc-1.8-0.3-3.5-0.6-5.3-0.7c-18.3-1.1-34.6,8.7-50.9,15.4c-8.5,3.5-17.5,6.3-26.7,6.2c-8.7-0.1-17.3-2.4-24.9-6.7\n\t\tc-7.3-4.1-14.8-10.4-17.5-18.6c-3.7-10.9,6.3-15.9,15.3-17.3c7-1,15.8-0.5,20.6,4.8c-5,0.9-10.2,2.8-12.3,7.4\n\t\tc-5.1,11,15.6,14.8,17,2.2c0.3-3-0.5-6.1-2.1-8.6c1.2-0.1,2.4-0.2,3.6-0.3c10.7-0.5,21.4,1.2,31.9,2.9c0.4,0.1,0.6-0.6,0.2-0.7\n\t\tc-10.6-2.1-21.2-4.1-32.1-3.6c-1.4,0.1-2.9,0.2-4.4,0.4c-1.4-1.8-3.1-3.2-5-4.3c-6.6-3.6-15.1-3-22.2-1.3\n\t\tc-6.1,1.5-12.2,5.1-13.1,11.9C74.4,353.6,78.9,360.2,83.7,364.9z M114.9,341.7c0.9,1.2,1.5,2.6,2,4.1c1.2,4.2-0.1,9.2-4.6,10.7\n\t\tc-3,1-7.3,0.5-9.2-2.4c-2.7-4.1,1.1-8.3,4.6-10.2C110,342.8,112.4,342.1,114.9,341.7z M203.9,358.8c4.4,1,8.5,2.7,11.6,6.1\n\t\tc3,3.2,5.1,8.4,1.7,12.2c-2.8,3.1-8,3.3-11.5,1.1c-3.7-2.3-5.1-7.1-4.8-11.2C201.2,364,202.2,361.2,203.9,358.8L203.9,358.8z\"\/>\n<\/g>\n<\/svg>\n    <\/div>\n<\/div>\n\n\n<div style=\"height:50px\" aria-hidden=\"true\" class=\"wp-block-spacer\"><\/div>\n\n\n    <div id=\"ep-block-webcams-block_4fa0e1b179e14ec07e313c633e0e7791\" class=\"ep-block-webcams ep-block \">\n        <div class=\"webcams\">\n                            <div class=\"webcam\">\n                    <div class=\"inner\">\n\n                                                    <div class=\"snippet\">\n                                <script type=\"text\/javascript\" src=\"https:\/\/static.panomax.com\/front\/thumbnail\/js\/pmaxthumbnail.js\"><\/script>\r\n<script type=\"text\/javascript\">\r\nPmaxThumbnail.place({\r\n\"instance\":556,\r\n\"map\":false,\r\n\"height\": \"300px\",\r\n\"instanceName\":false,\r\n\"weather\":false,\r\n\"instanceLogo\":false,\r\n\"timelapse\":false\r\n});\r\n<\/script>\n                            <\/div>\n                        \n                                                    <div class=\"text\">\n\n                                                                    <h4 class=\"subtitle\">Panorama-Cam Seefeld village square<\/h4>\n                                                                                                    <h3>Webcam Seefeld village square<\/h3>\n                                \n                                <p>View from the town hall on the village square in Seefeld<\/p>\n\n\n                            <\/div>\n                        \n                    <\/div>\n                <\/div>\n                            <div class=\"webcam\">\n                    <div class=\"inner\">\n\n                                                    <div class=\"snippet\">\n                                <script type=\"text\/javascript\" src=\"https:\/\/static.panomax.com\/front\/thumbnail\/js\/pmaxthumbnail.js\"><\/script>\r\n<script type=\"text\/javascript\">\r\nPmaxThumbnail.place({\r\n\"instance\":511,\r\n\"map\":false,\r\n\"height\": \"300px\",\r\n\"instanceName\":false,\r\n\"weather\":false,\r\n\"instanceLogo\":false,\r\n\"timelapse\":false\r\n});\r\n<\/script>\n                            <\/div>\n                        \n                                                    <div class=\"text\">\n\n                                                                    <h4 class=\"subtitle\">Panorama-Cam Rossh\u00fctte Seefeld<\/h4>\n                                                                                                    <h3>Webcam Rossh\u00fctte<\/h3>\n                                \n                                <p>Enjoy the view<\/p>\n\n\n                            <\/div>\n                        \n                    <\/div>\n                <\/div>\n                            <div class=\"webcam\">\n                    <div class=\"inner\">\n\n                                                    <div class=\"snippet\">\n                                <script type=\"text\/javascript\" src=\"https:\/\/static.panomax.com\/front\/thumbnail\/js\/pmaxthumbnail.js\"><\/script>\r\n<script type=\"text\/javascript\">\r\nPmaxThumbnail.place({\r\n\"instance\":499,\r\n\"map\":false,\r\n\"height\": \"300px\",\r\n\"instanceName\":false,\r\n\"weather\":false,\r\n\"instanceLogo\":false,\r\n\"timelapse\":false\r\n});\r\n<\/script>\n                            <\/div>\n                        \n                                                    <div class=\"text\">\n\n                                                                    <h4 class=\"subtitle\">Panorama-Cam H\u00e4rmelekopf Seefeld<\/h4>\n                                                                                                    <h3>H\u00e4rmelekopf \u2013 Panorama, Weather &#038; more<\/h3>\n                                \n                                <p>Enjoy the view<\/p>\n\n\n                            <\/div>\n                        \n                    <\/div>\n                <\/div>\n                            <div class=\"webcam\">\n                    <div class=\"inner\">\n\n                                                    <div class=\"snippet\">\n                                <script type=\"text\/javascript\" src=\"https:\/\/static.panomax.com\/front\/thumbnail\/js\/pmaxthumbnail.js\"><\/script>\r\n<script type=\"text\/javascript\">\r\nPmaxThumbnail.place({\r\n\"instance\":1741,\r\n\"map\":false,\r\n\"height\": \"300px\",\r\n\"instanceName\":false,\r\n\"weather\":false,\r\n\"instanceLogo\":false,\r\n\"timelapse\":false\r\n});\r\n<\/script>\n                            <\/div>\n                        \n                                                    <div class=\"text\">\n\n                                                                    <h4 class=\"subtitle\">Panorama-Cam Seefeld Schanze \u2013 WM Arena<\/h4>\n                                                                                                    <h3>Aim high &#8211; Weather in Seefeld<\/h3>\n                                \n                                <p>Enjoy the view<\/p>\n\n\n                            <\/div>\n                        \n                    <\/div>\n                <\/div>\n                            <div class=\"webcam\">\n                    <div class=\"inner\">\n\n                                                    <div class=\"snippet\">\n                                <script type=\"text\/javascript\" src=\"https:\/\/static.panomax.com\/front\/thumbnail\/js\/pmaxthumbnail.js\"><\/script>\r\n<script type=\"text\/javascript\">\r\nPmaxThumbnail.place({\r\n\"instance\":580,\r\n\"map\":false,\r\n\"height\": \"300px\",\r\n\"instanceName\":false,\r\n\"weather\":false,\r\n\"instanceLogo\":false,\r\n\"timelapse\":false\r\n});\r\n<\/script>\n                            <\/div>\n                        \n                                                    <div class=\"text\">\n\n                                                                    <h4 class=\"subtitle\">Panorama-Cam Nordisches Kompetenzzentrum Seefeld<\/h4>\n                                                                                                    <h3>Webcam Seefeld Loipe<\/h3>\n                                \n                                <div>\n<p>Enjoy the view<\/p>\n<\/div>\n\n\n                            <\/div>\n                        \n                    <\/div>\n                <\/div>\n                            <div class=\"webcam\">\n                    <div class=\"inner\">\n\n                                                    <div class=\"snippet\">\n                                <script type=\"text\/javascript\" src=\"https:\/\/static.panomax.com\/front\/thumbnail\/js\/pmaxthumbnail.js\"><\/script>\r\n<script type=\"text\/javascript\">\r\nPmaxThumbnail.place({\r\n\"instance\":1834,\r\n\"map\":false,\r\n\"height\": \"300px\",\r\n\"instanceName\":false,\r\n\"weather\":false,\r\n\"instanceLogo\":false,\r\n\"timelapse\":false\r\n});\r\n<\/script>\n                            <\/div>\n                        \n                                                    <div class=\"text\">\n\n                                                                    <h4 class=\"subtitle\">Panorama-Cam Reith<\/h4>\n                                                                                                    <h3>Panorama &#038; Weather for Reith <\/h3>\n                                \n                                <p>Enjoy the view<\/p>\n\n\n                            <\/div>\n                        \n                    <\/div>\n                <\/div>\n                            <div class=\"webcam\">\n                    <div class=\"inner\">\n\n                                                    <div class=\"snippet\">\n                                <script type=\"text\/javascript\" src=\"https:\/\/static.panomax.com\/front\/thumbnail\/js\/pmaxthumbnail.js\"><\/script>\r\n<script type=\"text\/javascript\">\r\nPmaxThumbnail.place({\r\n\"instance\":1135,\r\n\"map\":false,\r\n\"height\": \"300px\",\r\n\"instanceName\":false,\r\n\"weather\":false,\r\n\"instanceLogo\":false,\r\n\"timelapse\":false\r\n});\r\n<\/script>\n                            <\/div>\n                        \n                                                    <div class=\"text\">\n\n                                                                    <h4 class=\"subtitle\">Panorama-Cam M\u00f6sern<\/h4>\n                                                                                                    <h3>Panorama &#038; Weather for M\u00f6sern<\/h3>\n                                \n                                <p>Enjoy the view<\/p>\n\n\n                            <\/div>\n                        \n                    <\/div>\n                <\/div>\n                            <div class=\"webcam\">\n                    <div class=\"inner\">\n\n                                                    <div class=\"snippet\">\n                                <script type=\"text\/javascript\" src=\"https:\/\/static.panomax.com\/front\/thumbnail\/js\/pmaxthumbnail.js\"><\/script>\r\n<script type=\"text\/javascript\">\r\nPmaxThumbnail.place({\r\n\"instance\":1654,\r\n\"map\":false,\r\n\"height\": \"300px\",\r\n\"instanceName\":false,\r\n\"weather\":false,\r\n\"instanceLogo\":false,\r\n\"timelapse\":false\r\n});\r\n<\/script>\n                            <\/div>\n                        \n                                                    <div class=\"text\">\n\n                                                                    <h4 class=\"subtitle\">Panorama-Cam Scharnitz<\/h4>\n                                                                                                    <h3>Panorama &#038; Weather for Scharnitz in Tirol<\/h3>\n                                \n                                <p>Enjoy the view<\/p>\n\n\n                            <\/div>\n                        \n                    <\/div>\n                <\/div>\n                    <\/div>\n    <\/div>\n\n\n\n<div style=\"height:70px\" aria-hidden=\"true\" class=\"wp-block-spacer\"><\/div>\n\n\n<p style=\"text-align: center;\"><a class=\"button\" href=\"https:\/\/www.gasthof-seefeld.com\/en\/holiday-request\/\" target=\"_blank\" rel=\"noopener\">SEND HOLIDAY REQUEST<\/a><\/p>\n\n\n<div style=\"height:70px\" aria-hidden=\"true\" class=\"wp-block-spacer\"><\/div>\n","protected":false},"excerpt":{"rendered":"SEND HOLIDAY REQUEST","protected":false},"author":1,"featured_media":8868,"parent":0,"menu_order":0,"comment_status":"closed","ping_status":"closed","template":"","meta":{"_acf_changed":false,"footnotes":""},"categories":[],"tags":[],"class_list":["post-1162","page","type-page","status-publish","has-post-thumbnail","hentry"],"acf":[],"yoast_head":"<!-- This site is optimized with the Yoast SEO plugin v26.1.1 - https:\/\/yoast.com\/wordpress\/plugins\/seo\/ -->\n<title>Webcam &#187; Gasthof Batzenh\u00e4usl<\/title>\n<meta name=\"description\" content=\"\u27a4 Gasthof Batzenh\u00e4usl \u27a4 Webcam &#187; Unvergesslichen Urlaub in Seefeld genie\u00dfen! &#187; Jetzt Preise &amp; Verf\u00fcgbarkeiten pr\u00fcfen!\" \/>\n<meta name=\"robots\" content=\"noindex, follow\" \/>\n<meta property=\"og:locale\" content=\"en_US\" \/>\n<meta property=\"og:type\" content=\"article\" \/>\n<meta property=\"og:title\" content=\"Webcam &#187; Gasthof Batzenh\u00e4usl\" \/>\n<meta property=\"og:description\" content=\"\u27a4 Gasthof Batzenh\u00e4usl \u27a4 Webcam &#187; Unvergesslichen Urlaub in Seefeld genie\u00dfen! &#187; Jetzt Preise &amp; Verf\u00fcgbarkeiten pr\u00fcfen!\" \/>\n<meta property=\"og:url\" content=\"https:\/\/www.gasthof-seefeld.com\/en\/webcam\/\" \/>\n<meta property=\"og:site_name\" content=\"Gasthof Batzenh\u00e4usl\" \/>\n<meta property=\"article:publisher\" content=\"https:\/\/www.facebook.com\/gasthof.seefeld\/\" \/>\n<meta property=\"article:modified_time\" content=\"2025-04-22T06:24:05+00:00\" \/>\n<meta property=\"og:image\" content=\"https:\/\/www.gasthof-seefeld.com\/wp-content\/uploads\/2023\/04\/wanderer-auf-der-rosshuette-seefeld-im-sommer.jpg\" \/>\n\t<meta property=\"og:image:width\" content=\"2000\" \/>\n\t<meta property=\"og:image:height\" content=\"1331\" \/>\n\t<meta property=\"og:image:type\" content=\"image\/jpeg\" \/>\n<meta name=\"twitter:card\" content=\"summary_large_image\" \/>\n<meta name=\"twitter:label1\" content=\"Est. reading time\" \/>\n\t<meta name=\"twitter:data1\" content=\"1 minute\" \/>\n<script type=\"application\/ld+json\" class=\"yoast-schema-graph\">{\"@context\":\"https:\/\/schema.org\",\"@graph\":[{\"@type\":\"WebPage\",\"@id\":\"https:\/\/www.gasthof-seefeld.com\/en\/webcam\/\",\"url\":\"https:\/\/www.gasthof-seefeld.com\/en\/webcam\/\",\"name\":\"Webcam &#187; Gasthof Batzenh\u00e4usl\",\"isPartOf\":{\"@id\":\"https:\/\/www.gasthof-seefeld.com\/#website\"},\"primaryImageOfPage\":{\"@id\":\"https:\/\/www.gasthof-seefeld.com\/en\/webcam\/#primaryimage\"},\"image\":{\"@id\":\"https:\/\/www.gasthof-seefeld.com\/en\/webcam\/#primaryimage\"},\"thumbnailUrl\":\"https:\/\/www.gasthof-seefeld.com\/wp-content\/uploads\/2023\/04\/wanderer-auf-der-rosshuette-seefeld-im-sommer.jpg\",\"datePublished\":\"2015-12-04T15:04:48+00:00\",\"dateModified\":\"2025-04-22T06:24:05+00:00\",\"description\":\"\u27a4 Gasthof Batzenh\u00e4usl \u27a4 Webcam &#187; Unvergesslichen Urlaub in Seefeld genie\u00dfen! &#187; Jetzt Preise & Verf\u00fcgbarkeiten pr\u00fcfen!\",\"breadcrumb\":{\"@id\":\"https:\/\/www.gasthof-seefeld.com\/en\/webcam\/#breadcrumb\"},\"inLanguage\":\"en-US\",\"potentialAction\":[{\"@type\":\"ReadAction\",\"target\":[\"https:\/\/www.gasthof-seefeld.com\/en\/webcam\/\"]}]},{\"@type\":\"ImageObject\",\"inLanguage\":\"en-US\",\"@id\":\"https:\/\/www.gasthof-seefeld.com\/en\/webcam\/#primaryimage\",\"url\":\"https:\/\/www.gasthof-seefeld.com\/wp-content\/uploads\/2023\/04\/wanderer-auf-der-rosshuette-seefeld-im-sommer.jpg\",\"contentUrl\":\"https:\/\/www.gasthof-seefeld.com\/wp-content\/uploads\/2023\/04\/wanderer-auf-der-rosshuette-seefeld-im-sommer.jpg\",\"width\":2000,\"height\":1331,\"caption\":\"Wanderer auf der Rosshuette Seefeld im Sommer\"},{\"@type\":\"BreadcrumbList\",\"@id\":\"https:\/\/www.gasthof-seefeld.com\/en\/webcam\/#breadcrumb\",\"itemListElement\":[{\"@type\":\"ListItem\",\"position\":1,\"name\":\"Home\",\"item\":\"https:\/\/www.gasthof-seefeld.com\/en\/\"},{\"@type\":\"ListItem\",\"position\":2,\"name\":\"Webcam\"}]},{\"@type\":\"WebSite\",\"@id\":\"https:\/\/www.gasthof-seefeld.com\/#website\",\"url\":\"https:\/\/www.gasthof-seefeld.com\/\",\"name\":\"Gasthof Batzenh\u00e4usl\",\"description\":\"Tyrolean tradition\",\"publisher\":{\"@id\":\"https:\/\/www.gasthof-seefeld.com\/#organization\"},\"potentialAction\":[{\"@type\":\"SearchAction\",\"target\":{\"@type\":\"EntryPoint\",\"urlTemplate\":\"https:\/\/www.gasthof-seefeld.com\/?s={search_term_string}\"},\"query-input\":{\"@type\":\"PropertyValueSpecification\",\"valueRequired\":true,\"valueName\":\"search_term_string\"}}],\"inLanguage\":\"en-US\"},{\"@type\":\"Organization\",\"@id\":\"https:\/\/www.gasthof-seefeld.com\/#organization\",\"name\":\"Gasthof Seefeld Batzenh\u00e4usl\",\"url\":\"https:\/\/www.gasthof-seefeld.com\/\",\"logo\":{\"@type\":\"ImageObject\",\"inLanguage\":\"en-US\",\"@id\":\"https:\/\/www.gasthof-seefeld.com\/#\/schema\/logo\/image\/\",\"url\":\"https:\/\/www.gasthof-seefeld.com\/wp-content\/uploads\/2019\/07\/gasthof-seefeld-logo.jpg\",\"contentUrl\":\"https:\/\/www.gasthof-seefeld.com\/wp-content\/uploads\/2019\/07\/gasthof-seefeld-logo.jpg\",\"width\":1200,\"height\":627,\"caption\":\"Gasthof Seefeld Batzenh\u00e4usl\"},\"image\":{\"@id\":\"https:\/\/www.gasthof-seefeld.com\/#\/schema\/logo\/image\/\"},\"sameAs\":[\"https:\/\/www.facebook.com\/gasthof.seefeld\/\",\"https:\/\/www.instagram.com\/kaltschmid.hotels.seefeld\/\",\"https:\/\/www.youtube.com\/user\/KaltschmidSeefeld\"]}]}<\/script>\n<!-- \/ Yoast SEO plugin. -->","yoast_head_json":{"title":"Webcam &#187; Gasthof Batzenh\u00e4usl","description":"\u27a4 Gasthof Batzenh\u00e4usl \u27a4 Webcam &#187; Unvergesslichen Urlaub in Seefeld genie\u00dfen! &#187; Jetzt Preise & Verf\u00fcgbarkeiten pr\u00fcfen!","robots":{"index":"noindex","follow":"follow"},"og_locale":"en_US","og_type":"article","og_title":"Webcam &#187; Gasthof Batzenh\u00e4usl","og_description":"\u27a4 Gasthof Batzenh\u00e4usl \u27a4 Webcam &#187; Unvergesslichen Urlaub in Seefeld genie\u00dfen! &#187; Jetzt Preise & Verf\u00fcgbarkeiten pr\u00fcfen!","og_url":"https:\/\/www.gasthof-seefeld.com\/en\/webcam\/","og_site_name":"Gasthof Batzenh\u00e4usl","article_publisher":"https:\/\/www.facebook.com\/gasthof.seefeld\/","article_modified_time":"2025-04-22T06:24:05+00:00","og_image":[{"width":2000,"height":1331,"url":"https:\/\/www.gasthof-seefeld.com\/wp-content\/uploads\/2023\/04\/wanderer-auf-der-rosshuette-seefeld-im-sommer.jpg","type":"image\/jpeg"}],"twitter_card":"summary_large_image","twitter_misc":{"Est. reading time":"1 minute"},"schema":{"@context":"https:\/\/schema.org","@graph":[{"@type":"WebPage","@id":"https:\/\/www.gasthof-seefeld.com\/en\/webcam\/","url":"https:\/\/www.gasthof-seefeld.com\/en\/webcam\/","name":"Webcam &#187; Gasthof Batzenh\u00e4usl","isPartOf":{"@id":"https:\/\/www.gasthof-seefeld.com\/#website"},"primaryImageOfPage":{"@id":"https:\/\/www.gasthof-seefeld.com\/en\/webcam\/#primaryimage"},"image":{"@id":"https:\/\/www.gasthof-seefeld.com\/en\/webcam\/#primaryimage"},"thumbnailUrl":"https:\/\/www.gasthof-seefeld.com\/wp-content\/uploads\/2023\/04\/wanderer-auf-der-rosshuette-seefeld-im-sommer.jpg","datePublished":"2015-12-04T15:04:48+00:00","dateModified":"2025-04-22T06:24:05+00:00","description":"\u27a4 Gasthof Batzenh\u00e4usl \u27a4 Webcam &#187; Unvergesslichen Urlaub in Seefeld genie\u00dfen! &#187; Jetzt Preise & Verf\u00fcgbarkeiten pr\u00fcfen!","breadcrumb":{"@id":"https:\/\/www.gasthof-seefeld.com\/en\/webcam\/#breadcrumb"},"inLanguage":"en-US","potentialAction":[{"@type":"ReadAction","target":["https:\/\/www.gasthof-seefeld.com\/en\/webcam\/"]}]},{"@type":"ImageObject","inLanguage":"en-US","@id":"https:\/\/www.gasthof-seefeld.com\/en\/webcam\/#primaryimage","url":"https:\/\/www.gasthof-seefeld.com\/wp-content\/uploads\/2023\/04\/wanderer-auf-der-rosshuette-seefeld-im-sommer.jpg","contentUrl":"https:\/\/www.gasthof-seefeld.com\/wp-content\/uploads\/2023\/04\/wanderer-auf-der-rosshuette-seefeld-im-sommer.jpg","width":2000,"height":1331,"caption":"Wanderer auf der Rosshuette Seefeld im Sommer"},{"@type":"BreadcrumbList","@id":"https:\/\/www.gasthof-seefeld.com\/en\/webcam\/#breadcrumb","itemListElement":[{"@type":"ListItem","position":1,"name":"Home","item":"https:\/\/www.gasthof-seefeld.com\/en\/"},{"@type":"ListItem","position":2,"name":"Webcam"}]},{"@type":"WebSite","@id":"https:\/\/www.gasthof-seefeld.com\/#website","url":"https:\/\/www.gasthof-seefeld.com\/","name":"Gasthof Batzenh\u00e4usl","description":"Tyrolean tradition","publisher":{"@id":"https:\/\/www.gasthof-seefeld.com\/#organization"},"potentialAction":[{"@type":"SearchAction","target":{"@type":"EntryPoint","urlTemplate":"https:\/\/www.gasthof-seefeld.com\/?s={search_term_string}"},"query-input":{"@type":"PropertyValueSpecification","valueRequired":true,"valueName":"search_term_string"}}],"inLanguage":"en-US"},{"@type":"Organization","@id":"https:\/\/www.gasthof-seefeld.com\/#organization","name":"Gasthof Seefeld Batzenh\u00e4usl","url":"https:\/\/www.gasthof-seefeld.com\/","logo":{"@type":"ImageObject","inLanguage":"en-US","@id":"https:\/\/www.gasthof-seefeld.com\/#\/schema\/logo\/image\/","url":"https:\/\/www.gasthof-seefeld.com\/wp-content\/uploads\/2019\/07\/gasthof-seefeld-logo.jpg","contentUrl":"https:\/\/www.gasthof-seefeld.com\/wp-content\/uploads\/2019\/07\/gasthof-seefeld-logo.jpg","width":1200,"height":627,"caption":"Gasthof Seefeld Batzenh\u00e4usl"},"image":{"@id":"https:\/\/www.gasthof-seefeld.com\/#\/schema\/logo\/image\/"},"sameAs":["https:\/\/www.facebook.com\/gasthof.seefeld\/","https:\/\/www.instagram.com\/kaltschmid.hotels.seefeld\/","https:\/\/www.youtube.com\/user\/KaltschmidSeefeld"]}]}},"_links":{"self":[{"href":"https:\/\/www.gasthof-seefeld.com\/en\/wp-json\/wp\/v2\/pages\/1162","targetHints":{"allow":["GET"]}}],"collection":[{"href":"https:\/\/www.gasthof-seefeld.com\/en\/wp-json\/wp\/v2\/pages"}],"about":[{"href":"https:\/\/www.gasthof-seefeld.com\/en\/wp-json\/wp\/v2\/types\/page"}],"author":[{"embeddable":true,"href":"https:\/\/www.gasthof-seefeld.com\/en\/wp-json\/wp\/v2\/users\/1"}],"replies":[{"embeddable":true,"href":"https:\/\/www.gasthof-seefeld.com\/en\/wp-json\/wp\/v2\/comments?post=1162"}],"version-history":[{"count":13,"href":"https:\/\/www.gasthof-seefeld.com\/en\/wp-json\/wp\/v2\/pages\/1162\/revisions"}],"predecessor-version":[{"id":10675,"href":"https:\/\/www.gasthof-seefeld.com\/en\/wp-json\/wp\/v2\/pages\/1162\/revisions\/10675"}],"wp:featuredmedia":[{"embeddable":true,"href":"https:\/\/www.gasthof-seefeld.com\/en\/wp-json\/wp\/v2\/media\/8868"}],"wp:attachment":[{"href":"https:\/\/www.gasthof-seefeld.com\/en\/wp-json\/wp\/v2\/media?parent=1162"}],"wp:term":[{"taxonomy":"category","embeddable":true,"href":"https:\/\/www.gasthof-seefeld.com\/en\/wp-json\/wp\/v2\/categories?post=1162"},{"taxonomy":"post_tag","embeddable":true,"href":"https:\/\/www.gasthof-seefeld.com\/en\/wp-json\/wp\/v2\/tags?post=1162"}],"curies":[{"name":"wp","href":"https:\/\/api.w.org\/{rel}","templated":true}]}}