{"id":1168,"date":"2015-12-04T15:51:22","date_gmt":"2015-12-04T14:51:22","guid":{"rendered":"https:\/\/www.gasthof-seefeld.com\/en\/rueckrufservice\/"},"modified":"2021-08-11T10:31:52","modified_gmt":"2021-08-11T08:31:52","slug":"callback-request","status":"publish","type":"page","link":"https:\/\/www.gasthof-seefeld.com\/en\/callback-request\/","title":{"rendered":"Callback Request"},"content":{"rendered":"\n\n                    \n    <div id=\"ep-block-title-block_61138ac66faf9\" class=\"ep-block-title ep-block  has-subtitle\">\n                                    <h2 class=\"sub-title title-\">Tell us when you want to be called!<\/h2>\n    \n        <h1 class=\"title\">Call Back Service<\/h1>\n           <\/div>\n\n\n\n<div style=\"height:70px\" aria-hidden=\"true\" class=\"wp-block-spacer\"><\/div>\n\n\n\n<div class=\"wp-block-contact-form-7-contact-form-selector\">\n<div class=\"wpcf7 no-js\" id=\"wpcf7-f1258-o1\" lang=\"de-DE\" dir=\"ltr\" data-wpcf7-id=\"1258\">\n<div class=\"screen-reader-response\"><p role=\"status\" aria-live=\"polite\" aria-atomic=\"true\"><\/p> <ul><\/ul><\/div>\n<form action=\"\/en\/wp-json\/wp\/v2\/pages\/1168\" method=\"post\" class=\"wpcf7-form init wpcf7-acceptance-as-validation\" aria-label=\"Kontaktformular\" novalidate=\"novalidate\" data-status=\"init\">\n<fieldset class=\"hidden-fields-container\"><input type=\"hidden\" name=\"_wpcf7\" value=\"1258\" \/><input type=\"hidden\" name=\"_wpcf7_version\" value=\"6.1.2\" \/><input type=\"hidden\" name=\"_wpcf7_locale\" value=\"de_DE\" \/><input type=\"hidden\" name=\"_wpcf7_unit_tag\" value=\"wpcf7-f1258-o1\" \/><input type=\"hidden\" name=\"_wpcf7_container_post\" value=\"0\" \/><input type=\"hidden\" name=\"_wpcf7_posted_data_hash\" value=\"\" \/><input type=\"hidden\" name=\"_wpcf7_recaptcha_response\" value=\"\" \/>\n<\/fieldset>\n<div class=\"row clearfix\">\n\t<div class=\"columns small-12 medium-6 large-6 clearfix\">\n\t\t<p><span class=\"wpcf7-form-control-wrap\" data-name=\"your-name\"><input size=\"40\" maxlength=\"400\" class=\"wpcf7-form-control wpcf7-text wpcf7-validates-as-required\" aria-required=\"true\" aria-invalid=\"false\" placeholder=\"Your Name*\" value=\"\" type=\"text\" name=\"your-name\" \/><\/span>\n\t\t<\/p>\n\t<\/div>\n\t<div class=\"columns small-12 medium-6 large-6 clearfix\">\n\t\t<p><span class=\"wpcf7-form-control-wrap\" data-name=\"your-phone\"><input size=\"40\" maxlength=\"400\" class=\"wpcf7-form-control wpcf7-text wpcf7-validates-as-required\" aria-required=\"true\" aria-invalid=\"false\" placeholder=\"Your phone number*\" value=\"\" type=\"text\" name=\"your-phone\" \/><\/span>\n\t\t<\/p>\n\t<\/div>\n<\/div>\n<div class=\"row clearfix\">\n\t<div class=\"columns small-12 medium-6 large-6 clearfix\">\n\t\t<p><span class=\"wpcf7-form-control-wrap\" data-name=\"your-date\"><input size=\"40\" maxlength=\"400\" class=\"wpcf7-form-control wpcf7-text datepicker single\" aria-invalid=\"false\" placeholder=\"Callback Date\" value=\"\" type=\"text\" name=\"your-date\" \/><\/span>\n\t\t<\/p>\n\t<\/div>\n\t<div class=\"columns small-12 medium-6 large-6 clearfix\">\n\t\t<p><span class=\"wpcf7-form-control-wrap\" data-name=\"your-time\"><input size=\"40\" maxlength=\"400\" class=\"wpcf7-form-control wpcf7-text\" aria-invalid=\"false\" placeholder=\"Callback Time\" value=\"\" type=\"text\" name=\"your-time\" \/><\/span>\n\t\t<\/p>\n\t<\/div>\n<\/div>\n<div class=\"row clearfix\">\n\t<div class=\"columns small-12 medium-12 large-12 clearfix\">\n\t\t<p><span class=\"wpcf7-form-control-wrap\" data-name=\"your-subject\"><input size=\"40\" maxlength=\"400\" class=\"wpcf7-form-control wpcf7-text\" aria-invalid=\"false\" placeholder=\"Subject\" value=\"\" type=\"text\" name=\"your-subject\" \/><\/span>\n\t\t<\/p>\n\t<\/div>\n<\/div>\n<div class=\"row clearfix acceptance\">\n\t<div class=\"columns small-12 clearfix\">\n\t\t<p><span class=\"wpcf7-form-control-wrap\" data-name=\"policy\"><span class=\"wpcf7-form-control wpcf7-acceptance\"><span class=\"wpcf7-list-item\"><label><input type=\"checkbox\" name=\"policy\" value=\"1\" class=\"accept-policy\" aria-invalid=\"false\" \/><span class=\"wpcf7-list-item-label\">Yes, I agree to the use of my data in the sense of the <a href=\"https:\/\/www.kaltschmid.info\/en\/privacy-policy\/\">privacy policy<\/a>.<\/span><\/label><\/span><\/span><\/span>\n\t\t<\/p>\n\t<\/div>\n<\/div>\n<div class=\"row clearfix\">\n\t<div class=\"columns small-12 medium-6 large-6 clearfix\">\n\t\n\t<\/div>\n\t<div class=\"columns small-12 medium-6 large-6 clearfix\">\n\t\t<p><input class=\"wpcf7-form-control wpcf7-submit has-spinner\" type=\"submit\" value=\"Send\" \/>\n\t\t<\/p>\n\t<\/div>\n<\/div><div class=\"wpcf7-response-output\" aria-hidden=\"true\"><\/div>\n<\/form>\n<\/div>\n<\/div>\n\n\n\n<div style=\"height:70px\" aria-hidden=\"true\" class=\"wp-block-spacer\"><\/div>\n","protected":false},"excerpt":{"rendered":"","protected":false},"author":1,"featured_media":0,"parent":0,"menu_order":0,"comment_status":"closed","ping_status":"closed","template":"","meta":{"_acf_changed":false,"footnotes":""},"class_list":["post-1168","page","type-page","status-publish","hentry"],"acf":[],"yoast_head":"<!-- This site is optimized with the Yoast SEO plugin v26.1.1 - https:\/\/yoast.com\/wordpress\/plugins\/seo\/ -->\n<title>Callback Request &#187; Gasthof Batzenh\u00e4usl<\/title>\n<meta name=\"description\" content=\"\u27a4 Gasthof Batzenh\u00e4usl \u27a4 Callback Request &#187; Unvergesslichen Urlaub in Seefeld genie\u00dfen! &#187; Jetzt Preise &amp; Verf\u00fcgbarkeiten pr\u00fcfen!\" \/>\n<meta name=\"robots\" content=\"noindex, follow\" \/>\n<meta property=\"og:locale\" content=\"en_US\" \/>\n<meta property=\"og:type\" content=\"article\" \/>\n<meta property=\"og:title\" content=\"Callback Request &#187; Gasthof Batzenh\u00e4usl\" \/>\n<meta property=\"og:description\" content=\"\u27a4 Gasthof Batzenh\u00e4usl \u27a4 Callback Request &#187; Unvergesslichen Urlaub in Seefeld genie\u00dfen! &#187; Jetzt Preise &amp; Verf\u00fcgbarkeiten pr\u00fcfen!\" \/>\n<meta property=\"og:url\" content=\"https:\/\/www.gasthof-seefeld.com\/en\/callback-request\/\" \/>\n<meta property=\"og:site_name\" content=\"Gasthof Batzenh\u00e4usl\" \/>\n<meta property=\"article:publisher\" content=\"https:\/\/www.facebook.com\/gasthof.seefeld\/\" \/>\n<meta property=\"article:modified_time\" content=\"2021-08-11T08:31:52+00:00\" \/>\n<meta property=\"og:image\" content=\"https:\/\/www.gasthof-seefeld.com\/wp-content\/uploads\/2019\/10\/slider-batzenhaeusl.jpg\" \/>\n\t<meta property=\"og:image:width\" content=\"1320\" \/>\n\t<meta property=\"og:image:height\" content=\"400\" \/>\n\t<meta property=\"og:image:type\" content=\"image\/jpeg\" \/>\n<meta name=\"twitter:card\" content=\"summary_large_image\" \/>\n<meta name=\"twitter:label1\" content=\"Est. reading time\" \/>\n\t<meta name=\"twitter:data1\" content=\"1 minute\" \/>\n<script type=\"application\/ld+json\" class=\"yoast-schema-graph\">{\"@context\":\"https:\/\/schema.org\",\"@graph\":[{\"@type\":\"WebPage\",\"@id\":\"https:\/\/www.gasthof-seefeld.com\/en\/callback-request\/\",\"url\":\"https:\/\/www.gasthof-seefeld.com\/en\/callback-request\/\",\"name\":\"Callback Request &#187; Gasthof Batzenh\u00e4usl\",\"isPartOf\":{\"@id\":\"https:\/\/www.gasthof-seefeld.com\/#website\"},\"datePublished\":\"2015-12-04T14:51:22+00:00\",\"dateModified\":\"2021-08-11T08:31:52+00:00\",\"description\":\"\u27a4 Gasthof Batzenh\u00e4usl \u27a4 Callback Request &#187; Unvergesslichen Urlaub in Seefeld genie\u00dfen! &#187; Jetzt Preise & Verf\u00fcgbarkeiten pr\u00fcfen!\",\"breadcrumb\":{\"@id\":\"https:\/\/www.gasthof-seefeld.com\/en\/callback-request\/#breadcrumb\"},\"inLanguage\":\"en-US\",\"potentialAction\":[{\"@type\":\"ReadAction\",\"target\":[\"https:\/\/www.gasthof-seefeld.com\/en\/callback-request\/\"]}]},{\"@type\":\"BreadcrumbList\",\"@id\":\"https:\/\/www.gasthof-seefeld.com\/en\/callback-request\/#breadcrumb\",\"itemListElement\":[{\"@type\":\"ListItem\",\"position\":1,\"name\":\"Home\",\"item\":\"https:\/\/www.gasthof-seefeld.com\/en\/\"},{\"@type\":\"ListItem\",\"position\":2,\"name\":\"Callback Request\"}]},{\"@type\":\"WebSite\",\"@id\":\"https:\/\/www.gasthof-seefeld.com\/#website\",\"url\":\"https:\/\/www.gasthof-seefeld.com\/\",\"name\":\"Gasthof Batzenh\u00e4usl\",\"description\":\"Tyrolean tradition\",\"publisher\":{\"@id\":\"https:\/\/www.gasthof-seefeld.com\/#organization\"},\"potentialAction\":[{\"@type\":\"SearchAction\",\"target\":{\"@type\":\"EntryPoint\",\"urlTemplate\":\"https:\/\/www.gasthof-seefeld.com\/?s={search_term_string}\"},\"query-input\":{\"@type\":\"PropertyValueSpecification\",\"valueRequired\":true,\"valueName\":\"search_term_string\"}}],\"inLanguage\":\"en-US\"},{\"@type\":\"Organization\",\"@id\":\"https:\/\/www.gasthof-seefeld.com\/#organization\",\"name\":\"Gasthof Seefeld Batzenh\u00e4usl\",\"url\":\"https:\/\/www.gasthof-seefeld.com\/\",\"logo\":{\"@type\":\"ImageObject\",\"inLanguage\":\"en-US\",\"@id\":\"https:\/\/www.gasthof-seefeld.com\/#\/schema\/logo\/image\/\",\"url\":\"https:\/\/www.gasthof-seefeld.com\/wp-content\/uploads\/2019\/07\/gasthof-seefeld-logo.jpg\",\"contentUrl\":\"https:\/\/www.gasthof-seefeld.com\/wp-content\/uploads\/2019\/07\/gasthof-seefeld-logo.jpg\",\"width\":1200,\"height\":627,\"caption\":\"Gasthof Seefeld Batzenh\u00e4usl\"},\"image\":{\"@id\":\"https:\/\/www.gasthof-seefeld.com\/#\/schema\/logo\/image\/\"},\"sameAs\":[\"https:\/\/www.facebook.com\/gasthof.seefeld\/\",\"https:\/\/www.instagram.com\/kaltschmid.hotels.seefeld\/\",\"https:\/\/www.youtube.com\/user\/KaltschmidSeefeld\"]}]}<\/script>\n<!-- \/ Yoast SEO plugin. -->","yoast_head_json":{"title":"Callback Request &#187; Gasthof Batzenh\u00e4usl","description":"\u27a4 Gasthof Batzenh\u00e4usl \u27a4 Callback Request &#187; Unvergesslichen Urlaub in Seefeld genie\u00dfen! &#187; Jetzt Preise & Verf\u00fcgbarkeiten pr\u00fcfen!","robots":{"index":"noindex","follow":"follow"},"og_locale":"en_US","og_type":"article","og_title":"Callback Request &#187; Gasthof Batzenh\u00e4usl","og_description":"\u27a4 Gasthof Batzenh\u00e4usl \u27a4 Callback Request &#187; Unvergesslichen Urlaub in Seefeld genie\u00dfen! &#187; Jetzt Preise & Verf\u00fcgbarkeiten pr\u00fcfen!","og_url":"https:\/\/www.gasthof-seefeld.com\/en\/callback-request\/","og_site_name":"Gasthof Batzenh\u00e4usl","article_publisher":"https:\/\/www.facebook.com\/gasthof.seefeld\/","article_modified_time":"2021-08-11T08:31:52+00:00","og_image":[{"width":1320,"height":400,"url":"https:\/\/www.gasthof-seefeld.com\/wp-content\/uploads\/2019\/10\/slider-batzenhaeusl.jpg","type":"image\/jpeg"}],"twitter_card":"summary_large_image","twitter_misc":{"Est. reading time":"1 minute"},"schema":{"@context":"https:\/\/schema.org","@graph":[{"@type":"WebPage","@id":"https:\/\/www.gasthof-seefeld.com\/en\/callback-request\/","url":"https:\/\/www.gasthof-seefeld.com\/en\/callback-request\/","name":"Callback Request &#187; Gasthof Batzenh\u00e4usl","isPartOf":{"@id":"https:\/\/www.gasthof-seefeld.com\/#website"},"datePublished":"2015-12-04T14:51:22+00:00","dateModified":"2021-08-11T08:31:52+00:00","description":"\u27a4 Gasthof Batzenh\u00e4usl \u27a4 Callback Request &#187; Unvergesslichen Urlaub in Seefeld genie\u00dfen! &#187; Jetzt Preise & Verf\u00fcgbarkeiten pr\u00fcfen!","breadcrumb":{"@id":"https:\/\/www.gasthof-seefeld.com\/en\/callback-request\/#breadcrumb"},"inLanguage":"en-US","potentialAction":[{"@type":"ReadAction","target":["https:\/\/www.gasthof-seefeld.com\/en\/callback-request\/"]}]},{"@type":"BreadcrumbList","@id":"https:\/\/www.gasthof-seefeld.com\/en\/callback-request\/#breadcrumb","itemListElement":[{"@type":"ListItem","position":1,"name":"Home","item":"https:\/\/www.gasthof-seefeld.com\/en\/"},{"@type":"ListItem","position":2,"name":"Callback Request"}]},{"@type":"WebSite","@id":"https:\/\/www.gasthof-seefeld.com\/#website","url":"https:\/\/www.gasthof-seefeld.com\/","name":"Gasthof Batzenh\u00e4usl","description":"Tyrolean tradition","publisher":{"@id":"https:\/\/www.gasthof-seefeld.com\/#organization"},"potentialAction":[{"@type":"SearchAction","target":{"@type":"EntryPoint","urlTemplate":"https:\/\/www.gasthof-seefeld.com\/?s={search_term_string}"},"query-input":{"@type":"PropertyValueSpecification","valueRequired":true,"valueName":"search_term_string"}}],"inLanguage":"en-US"},{"@type":"Organization","@id":"https:\/\/www.gasthof-seefeld.com\/#organization","name":"Gasthof Seefeld Batzenh\u00e4usl","url":"https:\/\/www.gasthof-seefeld.com\/","logo":{"@type":"ImageObject","inLanguage":"en-US","@id":"https:\/\/www.gasthof-seefeld.com\/#\/schema\/logo\/image\/","url":"https:\/\/www.gasthof-seefeld.com\/wp-content\/uploads\/2019\/07\/gasthof-seefeld-logo.jpg","contentUrl":"https:\/\/www.gasthof-seefeld.com\/wp-content\/uploads\/2019\/07\/gasthof-seefeld-logo.jpg","width":1200,"height":627,"caption":"Gasthof Seefeld Batzenh\u00e4usl"},"image":{"@id":"https:\/\/www.gasthof-seefeld.com\/#\/schema\/logo\/image\/"},"sameAs":["https:\/\/www.facebook.com\/gasthof.seefeld\/","https:\/\/www.instagram.com\/kaltschmid.hotels.seefeld\/","https:\/\/www.youtube.com\/user\/KaltschmidSeefeld"]}]}},"_links":{"self":[{"href":"https:\/\/www.gasthof-seefeld.com\/en\/wp-json\/wp\/v2\/pages\/1168","targetHints":{"allow":["GET"]}}],"collection":[{"href":"https:\/\/www.gasthof-seefeld.com\/en\/wp-json\/wp\/v2\/pages"}],"about":[{"href":"https:\/\/www.gasthof-seefeld.com\/en\/wp-json\/wp\/v2\/types\/page"}],"author":[{"embeddable":true,"href":"https:\/\/www.gasthof-seefeld.com\/en\/wp-json\/wp\/v2\/users\/1"}],"replies":[{"embeddable":true,"href":"https:\/\/www.gasthof-seefeld.com\/en\/wp-json\/wp\/v2\/comments?post=1168"}],"version-history":[{"count":6,"href":"https:\/\/www.gasthof-seefeld.com\/en\/wp-json\/wp\/v2\/pages\/1168\/revisions"}],"predecessor-version":[{"id":6560,"href":"https:\/\/www.gasthof-seefeld.com\/en\/wp-json\/wp\/v2\/pages\/1168\/revisions\/6560"}],"wp:attachment":[{"href":"https:\/\/www.gasthof-seefeld.com\/en\/wp-json\/wp\/v2\/media?parent=1168"}],"curies":[{"name":"wp","href":"https:\/\/api.w.org\/{rel}","templated":true}]}}