{"id":1174,"date":"2015-12-04T11:07:38","date_gmt":"2015-12-04T10:07:38","guid":{"rendered":"https:\/\/www.gasthof-seefeld.com\/en\/gaststube-sonnenterrasse\/"},"modified":"2026-03-23T09:28:17","modified_gmt":"2026-03-23T08:28:17","slug":"pub-sun-terrace","status":"publish","type":"page","link":"https:\/\/www.gasthof-seefeld.com\/en\/pub-sun-terrace\/","title":{"rendered":"Pub &amp; Sun Terrace"},"content":{"rendered":"","protected":false},"excerpt":{"rendered":"","protected":false},"author":3,"featured_media":8269,"parent":0,"menu_order":0,"comment_status":"closed","ping_status":"closed","template":"","meta":{"_acf_changed":false,"footnotes":""},"categories":[],"tags":[],"class_list":["post-1174","page","type-page","status-publish","has-post-thumbnail","hentry"],"acf":[],"yoast_head":"<!-- This site is optimized with the Yoast SEO plugin v26.1.1 - https:\/\/yoast.com\/wordpress\/plugins\/seo\/ -->\n<title>Pub &amp; Sun Terrace &#187; Gasthof Batzenh\u00e4usl<\/title>\n<meta name=\"description\" content=\"\u27a4 Gasthof Batzenh\u00e4usl \u27a4 Pub &amp; Sun Terrace &#187; Unvergesslichen Urlaub in Seefeld genie\u00dfen! &#187; Jetzt Preise &amp; Verf\u00fcgbarkeiten pr\u00fcfen!\" \/>\n<meta name=\"robots\" content=\"index, follow, max-snippet:-1, max-image-preview:large, max-video-preview:-1\" \/>\n<link rel=\"canonical\" href=\"https:\/\/www.gasthof-seefeld.com\/en\/pub-sun-terrace\/\" \/>\n<meta property=\"og:locale\" content=\"en_US\" \/>\n<meta property=\"og:type\" content=\"article\" \/>\n<meta property=\"og:title\" content=\"Pub &amp; Sun Terrace &#187; Gasthof Batzenh\u00e4usl\" \/>\n<meta property=\"og:description\" content=\"\u27a4 Gasthof Batzenh\u00e4usl \u27a4 Pub &amp; Sun Terrace &#187; Unvergesslichen Urlaub in Seefeld genie\u00dfen! &#187; Jetzt Preise &amp; Verf\u00fcgbarkeiten pr\u00fcfen!\" \/>\n<meta property=\"og:url\" content=\"https:\/\/www.gasthof-seefeld.com\/en\/pub-sun-terrace\/\" \/>\n<meta property=\"og:site_name\" content=\"Gasthof Batzenh\u00e4usl\" \/>\n<meta property=\"article:publisher\" content=\"https:\/\/www.facebook.com\/gasthof.seefeld\/\" \/>\n<meta property=\"article:modified_time\" content=\"2026-03-23T08:28:17+00:00\" \/>\n<meta property=\"og:image\" content=\"https:\/\/www.gasthof-seefeld.com\/wp-content\/uploads\/2022\/08\/batzenhaeusl-seefeld-innenaufnahmen-mai-2022-7614-print-scaled.jpg\" \/>\n\t<meta property=\"og:image:width\" content=\"2560\" \/>\n\t<meta property=\"og:image:height\" content=\"1708\" \/>\n\t<meta property=\"og:image:type\" content=\"image\/jpeg\" \/>\n<meta name=\"twitter:card\" content=\"summary_large_image\" \/>\n<meta name=\"twitter:label1\" content=\"Est. reading time\" \/>\n\t<meta name=\"twitter:data1\" content=\"1 minute\" \/>\n<script type=\"application\/ld+json\" class=\"yoast-schema-graph\">{\"@context\":\"https:\/\/schema.org\",\"@graph\":[{\"@type\":\"WebPage\",\"@id\":\"https:\/\/www.gasthof-seefeld.com\/en\/pub-sun-terrace\/\",\"url\":\"https:\/\/www.gasthof-seefeld.com\/en\/pub-sun-terrace\/\",\"name\":\"Pub &amp; Sun Terrace &#187; Gasthof Batzenh\u00e4usl\",\"isPartOf\":{\"@id\":\"https:\/\/www.gasthof-seefeld.com\/#website\"},\"primaryImageOfPage\":{\"@id\":\"https:\/\/www.gasthof-seefeld.com\/en\/pub-sun-terrace\/#primaryimage\"},\"image\":{\"@id\":\"https:\/\/www.gasthof-seefeld.com\/en\/pub-sun-terrace\/#primaryimage\"},\"thumbnailUrl\":\"https:\/\/www.gasthof-seefeld.com\/wp-content\/uploads\/2022\/08\/batzenhaeusl-seefeld-innenaufnahmen-mai-2022-7614-print-scaled.jpg\",\"datePublished\":\"2015-12-04T10:07:38+00:00\",\"dateModified\":\"2026-03-23T08:28:17+00:00\",\"description\":\"\u27a4 Gasthof Batzenh\u00e4usl \u27a4 Pub &amp; Sun Terrace &#187; Unvergesslichen Urlaub in Seefeld genie\u00dfen! &#187; Jetzt Preise & Verf\u00fcgbarkeiten pr\u00fcfen!\",\"breadcrumb\":{\"@id\":\"https:\/\/www.gasthof-seefeld.com\/en\/pub-sun-terrace\/#breadcrumb\"},\"inLanguage\":\"en-US\",\"potentialAction\":[{\"@type\":\"ReadAction\",\"target\":[\"https:\/\/www.gasthof-seefeld.com\/en\/pub-sun-terrace\/\"]}]},{\"@type\":\"ImageObject\",\"inLanguage\":\"en-US\",\"@id\":\"https:\/\/www.gasthof-seefeld.com\/en\/pub-sun-terrace\/#primaryimage\",\"url\":\"https:\/\/www.gasthof-seefeld.com\/wp-content\/uploads\/2022\/08\/batzenhaeusl-seefeld-innenaufnahmen-mai-2022-7614-print-scaled.jpg\",\"contentUrl\":\"https:\/\/www.gasthof-seefeld.com\/wp-content\/uploads\/2022\/08\/batzenhaeusl-seefeld-innenaufnahmen-mai-2022-7614-print-scaled.jpg\",\"width\":2560,\"height\":1708},{\"@type\":\"BreadcrumbList\",\"@id\":\"https:\/\/www.gasthof-seefeld.com\/en\/pub-sun-terrace\/#breadcrumb\",\"itemListElement\":[{\"@type\":\"ListItem\",\"position\":1,\"name\":\"Home\",\"item\":\"https:\/\/www.gasthof-seefeld.com\/en\/\"},{\"@type\":\"ListItem\",\"position\":2,\"name\":\"Pub &amp; Sun Terrace\"}]},{\"@type\":\"WebSite\",\"@id\":\"https:\/\/www.gasthof-seefeld.com\/#website\",\"url\":\"https:\/\/www.gasthof-seefeld.com\/\",\"name\":\"Gasthof Batzenh\u00e4usl\",\"description\":\"Tyrolean tradition\",\"publisher\":{\"@id\":\"https:\/\/www.gasthof-seefeld.com\/#organization\"},\"potentialAction\":[{\"@type\":\"SearchAction\",\"target\":{\"@type\":\"EntryPoint\",\"urlTemplate\":\"https:\/\/www.gasthof-seefeld.com\/?s={search_term_string}\"},\"query-input\":{\"@type\":\"PropertyValueSpecification\",\"valueRequired\":true,\"valueName\":\"search_term_string\"}}],\"inLanguage\":\"en-US\"},{\"@type\":\"Organization\",\"@id\":\"https:\/\/www.gasthof-seefeld.com\/#organization\",\"name\":\"Gasthof Seefeld Batzenh\u00e4usl\",\"url\":\"https:\/\/www.gasthof-seefeld.com\/\",\"logo\":{\"@type\":\"ImageObject\",\"inLanguage\":\"en-US\",\"@id\":\"https:\/\/www.gasthof-seefeld.com\/#\/schema\/logo\/image\/\",\"url\":\"https:\/\/www.gasthof-seefeld.com\/wp-content\/uploads\/2019\/07\/gasthof-seefeld-logo.jpg\",\"contentUrl\":\"https:\/\/www.gasthof-seefeld.com\/wp-content\/uploads\/2019\/07\/gasthof-seefeld-logo.jpg\",\"width\":1200,\"height\":627,\"caption\":\"Gasthof Seefeld Batzenh\u00e4usl\"},\"image\":{\"@id\":\"https:\/\/www.gasthof-seefeld.com\/#\/schema\/logo\/image\/\"},\"sameAs\":[\"https:\/\/www.facebook.com\/gasthof.seefeld\/\",\"https:\/\/www.instagram.com\/kaltschmid.hotels.seefeld\/\",\"https:\/\/www.youtube.com\/user\/KaltschmidSeefeld\"]}]}<\/script>\n<!-- \/ Yoast SEO plugin. -->","yoast_head_json":{"title":"Pub &amp; Sun Terrace &#187; Gasthof Batzenh\u00e4usl","description":"\u27a4 Gasthof Batzenh\u00e4usl \u27a4 Pub &amp; Sun Terrace &#187; Unvergesslichen Urlaub in Seefeld genie\u00dfen! &#187; Jetzt Preise & Verf\u00fcgbarkeiten pr\u00fcfen!","robots":{"index":"index","follow":"follow","max-snippet":"max-snippet:-1","max-image-preview":"max-image-preview:large","max-video-preview":"max-video-preview:-1"},"canonical":"https:\/\/www.gasthof-seefeld.com\/en\/pub-sun-terrace\/","og_locale":"en_US","og_type":"article","og_title":"Pub &amp; Sun Terrace &#187; Gasthof Batzenh\u00e4usl","og_description":"\u27a4 Gasthof Batzenh\u00e4usl \u27a4 Pub &amp; Sun Terrace &#187; Unvergesslichen Urlaub in Seefeld genie\u00dfen! &#187; Jetzt Preise & Verf\u00fcgbarkeiten pr\u00fcfen!","og_url":"https:\/\/www.gasthof-seefeld.com\/en\/pub-sun-terrace\/","og_site_name":"Gasthof Batzenh\u00e4usl","article_publisher":"https:\/\/www.facebook.com\/gasthof.seefeld\/","article_modified_time":"2026-03-23T08:28:17+00:00","og_image":[{"width":2560,"height":1708,"url":"https:\/\/www.gasthof-seefeld.com\/wp-content\/uploads\/2022\/08\/batzenhaeusl-seefeld-innenaufnahmen-mai-2022-7614-print-scaled.jpg","type":"image\/jpeg"}],"twitter_card":"summary_large_image","twitter_misc":{"Est. reading time":"1 minute"},"schema":{"@context":"https:\/\/schema.org","@graph":[{"@type":"WebPage","@id":"https:\/\/www.gasthof-seefeld.com\/en\/pub-sun-terrace\/","url":"https:\/\/www.gasthof-seefeld.com\/en\/pub-sun-terrace\/","name":"Pub &amp; Sun Terrace &#187; Gasthof Batzenh\u00e4usl","isPartOf":{"@id":"https:\/\/www.gasthof-seefeld.com\/#website"},"primaryImageOfPage":{"@id":"https:\/\/www.gasthof-seefeld.com\/en\/pub-sun-terrace\/#primaryimage"},"image":{"@id":"https:\/\/www.gasthof-seefeld.com\/en\/pub-sun-terrace\/#primaryimage"},"thumbnailUrl":"https:\/\/www.gasthof-seefeld.com\/wp-content\/uploads\/2022\/08\/batzenhaeusl-seefeld-innenaufnahmen-mai-2022-7614-print-scaled.jpg","datePublished":"2015-12-04T10:07:38+00:00","dateModified":"2026-03-23T08:28:17+00:00","description":"\u27a4 Gasthof Batzenh\u00e4usl \u27a4 Pub &amp; Sun Terrace &#187; Unvergesslichen Urlaub in Seefeld genie\u00dfen! &#187; Jetzt Preise & Verf\u00fcgbarkeiten pr\u00fcfen!","breadcrumb":{"@id":"https:\/\/www.gasthof-seefeld.com\/en\/pub-sun-terrace\/#breadcrumb"},"inLanguage":"en-US","potentialAction":[{"@type":"ReadAction","target":["https:\/\/www.gasthof-seefeld.com\/en\/pub-sun-terrace\/"]}]},{"@type":"ImageObject","inLanguage":"en-US","@id":"https:\/\/www.gasthof-seefeld.com\/en\/pub-sun-terrace\/#primaryimage","url":"https:\/\/www.gasthof-seefeld.com\/wp-content\/uploads\/2022\/08\/batzenhaeusl-seefeld-innenaufnahmen-mai-2022-7614-print-scaled.jpg","contentUrl":"https:\/\/www.gasthof-seefeld.com\/wp-content\/uploads\/2022\/08\/batzenhaeusl-seefeld-innenaufnahmen-mai-2022-7614-print-scaled.jpg","width":2560,"height":1708},{"@type":"BreadcrumbList","@id":"https:\/\/www.gasthof-seefeld.com\/en\/pub-sun-terrace\/#breadcrumb","itemListElement":[{"@type":"ListItem","position":1,"name":"Home","item":"https:\/\/www.gasthof-seefeld.com\/en\/"},{"@type":"ListItem","position":2,"name":"Pub &amp; Sun Terrace"}]},{"@type":"WebSite","@id":"https:\/\/www.gasthof-seefeld.com\/#website","url":"https:\/\/www.gasthof-seefeld.com\/","name":"Gasthof Batzenh\u00e4usl","description":"Tyrolean tradition","publisher":{"@id":"https:\/\/www.gasthof-seefeld.com\/#organization"},"potentialAction":[{"@type":"SearchAction","target":{"@type":"EntryPoint","urlTemplate":"https:\/\/www.gasthof-seefeld.com\/?s={search_term_string}"},"query-input":{"@type":"PropertyValueSpecification","valueRequired":true,"valueName":"search_term_string"}}],"inLanguage":"en-US"},{"@type":"Organization","@id":"https:\/\/www.gasthof-seefeld.com\/#organization","name":"Gasthof Seefeld Batzenh\u00e4usl","url":"https:\/\/www.gasthof-seefeld.com\/","logo":{"@type":"ImageObject","inLanguage":"en-US","@id":"https:\/\/www.gasthof-seefeld.com\/#\/schema\/logo\/image\/","url":"https:\/\/www.gasthof-seefeld.com\/wp-content\/uploads\/2019\/07\/gasthof-seefeld-logo.jpg","contentUrl":"https:\/\/www.gasthof-seefeld.com\/wp-content\/uploads\/2019\/07\/gasthof-seefeld-logo.jpg","width":1200,"height":627,"caption":"Gasthof Seefeld Batzenh\u00e4usl"},"image":{"@id":"https:\/\/www.gasthof-seefeld.com\/#\/schema\/logo\/image\/"},"sameAs":["https:\/\/www.facebook.com\/gasthof.seefeld\/","https:\/\/www.instagram.com\/kaltschmid.hotels.seefeld\/","https:\/\/www.youtube.com\/user\/KaltschmidSeefeld"]}]}},"_links":{"self":[{"href":"https:\/\/www.gasthof-seefeld.com\/en\/wp-json\/wp\/v2\/pages\/1174","targetHints":{"allow":["GET"]}}],"collection":[{"href":"https:\/\/www.gasthof-seefeld.com\/en\/wp-json\/wp\/v2\/pages"}],"about":[{"href":"https:\/\/www.gasthof-seefeld.com\/en\/wp-json\/wp\/v2\/types\/page"}],"author":[{"embeddable":true,"href":"https:\/\/www.gasthof-seefeld.com\/en\/wp-json\/wp\/v2\/users\/3"}],"replies":[{"embeddable":true,"href":"https:\/\/www.gasthof-seefeld.com\/en\/wp-json\/wp\/v2\/comments?post=1174"}],"version-history":[{"count":53,"href":"https:\/\/www.gasthof-seefeld.com\/en\/wp-json\/wp\/v2\/pages\/1174\/revisions"}],"predecessor-version":[{"id":11094,"href":"https:\/\/www.gasthof-seefeld.com\/en\/wp-json\/wp\/v2\/pages\/1174\/revisions\/11094"}],"wp:featuredmedia":[{"embeddable":true,"href":"https:\/\/www.gasthof-seefeld.com\/en\/wp-json\/wp\/v2\/media\/8269"}],"wp:attachment":[{"href":"https:\/\/www.gasthof-seefeld.com\/en\/wp-json\/wp\/v2\/media?parent=1174"}],"wp:term":[{"taxonomy":"category","embeddable":true,"href":"https:\/\/www.gasthof-seefeld.com\/en\/wp-json\/wp\/v2\/categories?post=1174"},{"taxonomy":"post_tag","embeddable":true,"href":"https:\/\/www.gasthof-seefeld.com\/en\/wp-json\/wp\/v2\/tags?post=1174"}],"curies":[{"name":"wp","href":"https:\/\/api.w.org\/{rel}","templated":true}]}}