{"id":1208,"date":"2015-12-03T16:11:52","date_gmt":"2015-12-03T15:11:52","guid":{"rendered":"https:\/\/www.gasthof-seefeld.com\/en\/ankommen\/anreise-abfahrt\/"},"modified":"2025-08-14T10:46:38","modified_gmt":"2025-08-14T08:46:38","slug":"arrival-seefeld","status":"publish","type":"page","link":"https:\/\/www.gasthof-seefeld.com\/en\/our-hotel\/arrival-seefeld\/","title":{"rendered":"Arrival to Seefeld"},"content":{"rendered":"\n<div style=\"height:100px\" aria-hidden=\"true\" class=\"wp-block-spacer\"><\/div>\n\n\n    <div id=\"ep-block-pre-text-block_6d3cabcd73235129f093219c83b4ad47\" class=\"ep-block-pre-text ep-block \">\n        <div class=\"pre-text\">\n            <p>So that your arrival and your first day in Seefeld is already particularly beautiful, we have all the important information for you here.<\/p>\n\n        <\/div>\n    <\/div>\n\n\n\n<div style=\"height:100px\" aria-hidden=\"true\" class=\"wp-block-spacer\"><\/div>\n\n\n    <div id=\"ep-block-accordion-block_c4bd08b0bbdf5e56da97ae86e895d195\" class=\"ep-block-accordion ep-block \">\n        <div class=\"ep-accordion\">\n                            <div class=\"accordion-item\">\n                    <div class=\"accordion-title\">\n                        <span class=\"title\">\n                                                              From Garmisch\n                                                     <\/span>\n                        <span class=\"icon\"><i class=\"ti-angle-down\"><\/i><\/span>\n                    <\/div>\n                    <div class=\"accordion-content has-no-image \">\n                        <div class=\"inner\">\n                                                                                        <div class=\"text-wrapper\"><ol>\n<li>Exit Seefeld Nord<\/li>\n<li>Follow the road (keep right)<\/li>\n<li>At the crossroads turn left into M\u00f6serer Stra\u00dfe<\/li>\n<li>After approx. 200 metres turn left into Klosterstra\u00dfe<\/li>\n<li>After approx. 30 metres you will reach Gasthof Batzenh\u00e4usl (opposite the sports and congress centre).<\/li>\n<\/ol>\n<\/div>\n                                                    <\/div>\n                    <\/div>\n                <\/div>\n                            <div class=\"accordion-item\">\n                    <div class=\"accordion-title\">\n                        <span class=\"title\">\n                                                              From Innsbruck\n                                                     <\/span>\n                        <span class=\"icon\"><i class=\"ti-angle-down\"><\/i><\/span>\n                    <\/div>\n                    <div class=\"accordion-content has-no-image \">\n                        <div class=\"inner\">\n                                                                                        <div class=\"text-wrapper\"><ol>\n<li>Take exit\u00a0\u201cSeefeld S\u00fcd\u201d<\/li>\n<li>Drive-Through the suburb \u201cAuland\u201d<\/li>\n<li>Turn left direction\u00a0\u201cWildsee\u201d<\/li>\n<li>Drive through the tunnel and turn right at \u201cWM Halle\u201d<\/li>\n<li>Turn right into\u00a0<em>Klosterstra\u00dfe<\/em><\/li>\n<li>After about 30 metres you reach the Gasthof Batzenh\u00e4usl (opposite to the sports and congress centre).<\/li>\n<\/ol>\n<\/div>\n                                                    <\/div>\n                    <\/div>\n                <\/div>\n                            <div class=\"accordion-item\">\n                    <div class=\"accordion-title\">\n                        <span class=\"title\">\n                                                              From Telfs\/M\u00f6sern\n                                                     <\/span>\n                        <span class=\"icon\"><i class=\"ti-angle-down\"><\/i><\/span>\n                    <\/div>\n                    <div class=\"accordion-content has-image \">\n                        <div class=\"inner\">\n                                                            <div class=\"image-wrapper\">\n                                                                                                            \n                                                                                                                                                <picture>\n                                        <source srcset=\"https:\/\/www.gasthof-seefeld.com\/wp-content\/uploads\/2015\/12\/verkehrsspinne-2-batzenhaeusl-580-710169-500x500-c-center.jpg 1x\" media=\"(min-width: 1024px)\"\/>\n                                        <source srcset=\"https:\/\/www.gasthof-seefeld.com\/wp-content\/uploads\/2015\/12\/verkehrsspinne-2-batzenhaeusl-580-710169-500x500-c-center.jpg 1x\" media=\"(min-width: 768px)\"\/>\n                                        <source srcset=\"https:\/\/www.gasthof-seefeld.com\/wp-content\/uploads\/2015\/12\/verkehrsspinne-2-batzenhaeusl-580-710169-767x767-c-center.jpg 1x\" media=\"(max-width: 767px)\"\/>\n                                        <img decoding=\"async\" src=\"https:\/\/www.gasthof-seefeld.com\/wp-content\/uploads\/2015\/12\/verkehrsspinne-2-batzenhaeusl-580-710169-767x767-c-center.jpg\" alt=\"verkehrsspinne-2-batzenhaeusl-580-710169.jpg\" title=\"verkehrsspinne-2-batzenhaeusl-580-710169.jpg\"\/>\n                                    <\/picture>\n                                <\/div>\n                                                                                        <div class=\"text-wrapper\"><p>Follow the road up to the junction with the\u00a0<em>Klosterstra\u00dfe<\/em>, then turn right, after about 30 meters you will reach the Gasthof Batzenh\u00e4usl (opposite to the sports und congress centre).<\/p>\n<\/div>\n                                                    <\/div>\n                    <\/div>\n                <\/div>\n                            <div class=\"accordion-item\">\n                    <div class=\"accordion-title\">\n                        <span class=\"title\">\n                                                              Route planner\n                                                     <\/span>\n                        <span class=\"icon\"><i class=\"ti-angle-down\"><\/i><\/span>\n                    <\/div>\n                    <div class=\"accordion-content has-no-image \">\n                        <div class=\"inner\">\n                                                                                        <div class=\"text-wrapper\"><p>Click\u00a0<a class=\"plan-route\" href=\"https:\/\/goo.gl\/maps\/dj4auyTCFMYgAneZ9\">here<\/a>\u00a0for\u00a0individual\u00a0routes.<\/p>\n<p><strong>Gasthof Batzenh\u00e4usl<\/strong><\/p>\n<p>Klosterstra\u00dfe 44<br \/>\n6100\u00a0 Seefeld \/ Tirol<\/p>\n<\/div>\n                                                    <\/div>\n                    <\/div>\n                <\/div>\n                            <div class=\"accordion-item\">\n                    <div class=\"accordion-title\">\n                        <span class=\"title\">\n                                                              Parking\n                                                     <\/span>\n                        <span class=\"icon\"><i class=\"ti-angle-down\"><\/i><\/span>\n                    <\/div>\n                    <div class=\"accordion-content has-no-image \">\n                        <div class=\"inner\">\n                                                                                        <div class=\"text-wrapper\"><p>You can go directly to the Batzenh\u00e4usl for loading and unloading.\u00a0However, as our Gasthof Batzenh\u00e4usl is located directly on the pedestrian zone, parking on site is not possible.<br \/>\nYou are welcome to park your car at one of our sister hotels (about 5 minutes away). At the check in we inform you where the parking lots are exactly.<\/p>\n<p><strong>Parking subject to availability!<\/strong><\/p>\n<\/div>\n                                                    <\/div>\n                    <\/div>\n                <\/div>\n                    <\/div>\n    <\/div>\n\n\n\n<div style=\"height:100px\" aria-hidden=\"true\" class=\"wp-block-spacer\"><\/div>\n\n\n<div id=\"ep-block-text-image-block_e7914366cc8dad5a3a23109e0b073662\" class=\"ep-block-text-image ep-block  layout-beige image-left\">\n\n                                                                        \n        <div class=\"image-holder\" style=\"\">\n            <picture class=\"image\">\n                <source srcset=\"https:\/\/www.gasthof-seefeld.com\/wp-content\/uploads\/2023\/05\/p1055737-560x580-c-center.jpg 1x\" media=\"(min-width: 1024px)\"\/>\n                <source srcset=\"https:\/\/www.gasthof-seefeld.com\/wp-content\/uploads\/2023\/05\/p1055737-768x800-c-center.jpg 1x\" media=\"(min-width: 768px)\"\/>\n                <source srcset=\"https:\/\/www.gasthof-seefeld.com\/wp-content\/uploads\/2023\/05\/p1055737-768x800-c-center.jpg 1x\" media=\"(max-width: 767px)\"\/>\n                <img decoding=\"async\" src=\"https:\/\/www.gasthof-seefeld.com\/wp-content\/uploads\/2023\/05\/p1055737-768x800-c-center.jpg\" alt=\"Mit Koffer die Bahnhofstreppe hochlaufen\" title=\"Mit Koffer die Bahnhofstreppe hochlaufen\"\/>\n            <\/picture>\n        <\/div>\n    \n    \n    <div class=\"text-holder\">\n        <div class=\"inner\">\n            \n                            <h2 class=\"title\">Holiday in Seefeld in Tyrol<\/h2>\n            \n                            <div class=\"text\"><p>The Gasthof Batzenh\u00e4usl team in Tyrol will be happy to answer any questions you may have about your arrival and to answer your non-binding enquiry at any time.<\/p>\n<\/div>\n            \n            \n                                \n                <div class=\"link-wrapper\">\n                    <a href=\"https:\/\/www.gasthof-seefeld.com\/en\/holiday-request\/\" target=\"\" title=\"Holiday Request\" class=\"btn red\">\n                        Holiday Request\n                    <\/a>\n                <\/div>\n            \n        <\/div>\n    <\/div>\n\n    <\/div>\n\n\n<div style=\"height:100px\" aria-hidden=\"true\" class=\"wp-block-spacer\"><\/div>\n","protected":false},"excerpt":{"rendered":"","protected":false},"author":1,"featured_media":4958,"parent":1216,"menu_order":0,"comment_status":"closed","ping_status":"closed","template":"","meta":{"_acf_changed":false,"footnotes":""},"categories":[],"tags":[],"class_list":["post-1208","page","type-page","status-publish","has-post-thumbnail","hentry"],"acf":[],"yoast_head":"<!-- This site is optimized with the Yoast SEO plugin v26.1.1 - https:\/\/yoast.com\/wordpress\/plugins\/seo\/ -->\n<title>Arrival to Seefeld &#187; Gasthof Batzenh\u00e4usl<\/title>\n<meta name=\"description\" content=\"\u27a4 Gasthof Batzenh\u00e4usl \u27a4 Arrival to Seefeld &#187; Unvergesslichen Urlaub in Seefeld genie\u00dfen! &#187; Jetzt Preise &amp; Verf\u00fcgbarkeiten pr\u00fcfen!\" \/>\n<meta name=\"robots\" content=\"index, follow, max-snippet:-1, max-image-preview:large, max-video-preview:-1\" \/>\n<link rel=\"canonical\" href=\"https:\/\/www.gasthof-seefeld.com\/en\/our-hotel\/arrival-seefeld\/\" \/>\n<meta property=\"og:locale\" content=\"en_US\" \/>\n<meta property=\"og:type\" content=\"article\" \/>\n<meta property=\"og:title\" content=\"Arrival to Seefeld &#187; Gasthof Batzenh\u00e4usl\" \/>\n<meta property=\"og:description\" content=\"\u27a4 Gasthof Batzenh\u00e4usl \u27a4 Arrival to Seefeld &#187; Unvergesslichen Urlaub in Seefeld genie\u00dfen! &#187; Jetzt Preise &amp; Verf\u00fcgbarkeiten pr\u00fcfen!\" \/>\n<meta property=\"og:url\" content=\"https:\/\/www.gasthof-seefeld.com\/en\/our-hotel\/arrival-seefeld\/\" \/>\n<meta property=\"og:site_name\" content=\"Gasthof Batzenh\u00e4usl\" \/>\n<meta property=\"article:publisher\" content=\"https:\/\/www.facebook.com\/gasthof.seefeld\/\" \/>\n<meta property=\"article:modified_time\" content=\"2025-08-14T08:46:38+00:00\" \/>\n<meta property=\"og:image\" content=\"https:\/\/www.gasthof-seefeld.com\/wp-content\/uploads\/2020\/03\/anreise-nach-seefeld.png\" \/>\n\t<meta property=\"og:image:width\" content=\"1920\" \/>\n\t<meta property=\"og:image:height\" content=\"1080\" \/>\n\t<meta property=\"og:image:type\" content=\"image\/png\" \/>\n<meta name=\"twitter:card\" content=\"summary_large_image\" \/>\n<meta name=\"twitter:label1\" content=\"Est. reading time\" \/>\n\t<meta name=\"twitter:data1\" content=\"1 minute\" \/>\n<script type=\"application\/ld+json\" class=\"yoast-schema-graph\">{\"@context\":\"https:\/\/schema.org\",\"@graph\":[{\"@type\":\"WebPage\",\"@id\":\"https:\/\/www.gasthof-seefeld.com\/en\/our-hotel\/arrival-seefeld\/\",\"url\":\"https:\/\/www.gasthof-seefeld.com\/en\/our-hotel\/arrival-seefeld\/\",\"name\":\"Arrival to Seefeld &#187; Gasthof Batzenh\u00e4usl\",\"isPartOf\":{\"@id\":\"https:\/\/www.gasthof-seefeld.com\/#website\"},\"primaryImageOfPage\":{\"@id\":\"https:\/\/www.gasthof-seefeld.com\/en\/our-hotel\/arrival-seefeld\/#primaryimage\"},\"image\":{\"@id\":\"https:\/\/www.gasthof-seefeld.com\/en\/our-hotel\/arrival-seefeld\/#primaryimage\"},\"thumbnailUrl\":\"https:\/\/www.gasthof-seefeld.com\/wp-content\/uploads\/2020\/03\/anreise-nach-seefeld.png\",\"datePublished\":\"2015-12-03T15:11:52+00:00\",\"dateModified\":\"2025-08-14T08:46:38+00:00\",\"description\":\"\u27a4 Gasthof Batzenh\u00e4usl \u27a4 Arrival to Seefeld &#187; Unvergesslichen Urlaub in Seefeld genie\u00dfen! &#187; Jetzt Preise & Verf\u00fcgbarkeiten pr\u00fcfen!\",\"breadcrumb\":{\"@id\":\"https:\/\/www.gasthof-seefeld.com\/en\/our-hotel\/arrival-seefeld\/#breadcrumb\"},\"inLanguage\":\"en-US\",\"potentialAction\":[{\"@type\":\"ReadAction\",\"target\":[\"https:\/\/www.gasthof-seefeld.com\/en\/our-hotel\/arrival-seefeld\/\"]}]},{\"@type\":\"ImageObject\",\"inLanguage\":\"en-US\",\"@id\":\"https:\/\/www.gasthof-seefeld.com\/en\/our-hotel\/arrival-seefeld\/#primaryimage\",\"url\":\"https:\/\/www.gasthof-seefeld.com\/wp-content\/uploads\/2020\/03\/anreise-nach-seefeld.png\",\"contentUrl\":\"https:\/\/www.gasthof-seefeld.com\/wp-content\/uploads\/2020\/03\/anreise-nach-seefeld.png\",\"width\":1920,\"height\":1080,\"caption\":\"Anreise nach Seefeld\"},{\"@type\":\"BreadcrumbList\",\"@id\":\"https:\/\/www.gasthof-seefeld.com\/en\/our-hotel\/arrival-seefeld\/#breadcrumb\",\"itemListElement\":[{\"@type\":\"ListItem\",\"position\":1,\"name\":\"Home\",\"item\":\"https:\/\/www.gasthof-seefeld.com\/en\/\"},{\"@type\":\"ListItem\",\"position\":2,\"name\":\"The Hotel\",\"item\":\"https:\/\/www.gasthof-seefeld.com\/en\/our-hotel\/\"},{\"@type\":\"ListItem\",\"position\":3,\"name\":\"Arrival to Seefeld\"}]},{\"@type\":\"WebSite\",\"@id\":\"https:\/\/www.gasthof-seefeld.com\/#website\",\"url\":\"https:\/\/www.gasthof-seefeld.com\/\",\"name\":\"Gasthof Batzenh\u00e4usl\",\"description\":\"Tyrolean tradition\",\"publisher\":{\"@id\":\"https:\/\/www.gasthof-seefeld.com\/#organization\"},\"potentialAction\":[{\"@type\":\"SearchAction\",\"target\":{\"@type\":\"EntryPoint\",\"urlTemplate\":\"https:\/\/www.gasthof-seefeld.com\/?s={search_term_string}\"},\"query-input\":{\"@type\":\"PropertyValueSpecification\",\"valueRequired\":true,\"valueName\":\"search_term_string\"}}],\"inLanguage\":\"en-US\"},{\"@type\":\"Organization\",\"@id\":\"https:\/\/www.gasthof-seefeld.com\/#organization\",\"name\":\"Gasthof Seefeld Batzenh\u00e4usl\",\"url\":\"https:\/\/www.gasthof-seefeld.com\/\",\"logo\":{\"@type\":\"ImageObject\",\"inLanguage\":\"en-US\",\"@id\":\"https:\/\/www.gasthof-seefeld.com\/#\/schema\/logo\/image\/\",\"url\":\"https:\/\/www.gasthof-seefeld.com\/wp-content\/uploads\/2019\/07\/gasthof-seefeld-logo.jpg\",\"contentUrl\":\"https:\/\/www.gasthof-seefeld.com\/wp-content\/uploads\/2019\/07\/gasthof-seefeld-logo.jpg\",\"width\":1200,\"height\":627,\"caption\":\"Gasthof Seefeld Batzenh\u00e4usl\"},\"image\":{\"@id\":\"https:\/\/www.gasthof-seefeld.com\/#\/schema\/logo\/image\/\"},\"sameAs\":[\"https:\/\/www.facebook.com\/gasthof.seefeld\/\",\"https:\/\/www.instagram.com\/kaltschmid.hotels.seefeld\/\",\"https:\/\/www.youtube.com\/user\/KaltschmidSeefeld\"]}]}<\/script>\n<!-- \/ Yoast SEO plugin. -->","yoast_head_json":{"title":"Arrival to Seefeld &#187; Gasthof Batzenh\u00e4usl","description":"\u27a4 Gasthof Batzenh\u00e4usl \u27a4 Arrival to Seefeld &#187; Unvergesslichen Urlaub in Seefeld genie\u00dfen! &#187; Jetzt Preise & Verf\u00fcgbarkeiten pr\u00fcfen!","robots":{"index":"index","follow":"follow","max-snippet":"max-snippet:-1","max-image-preview":"max-image-preview:large","max-video-preview":"max-video-preview:-1"},"canonical":"https:\/\/www.gasthof-seefeld.com\/en\/our-hotel\/arrival-seefeld\/","og_locale":"en_US","og_type":"article","og_title":"Arrival to Seefeld &#187; Gasthof Batzenh\u00e4usl","og_description":"\u27a4 Gasthof Batzenh\u00e4usl \u27a4 Arrival to Seefeld &#187; Unvergesslichen Urlaub in Seefeld genie\u00dfen! &#187; Jetzt Preise & Verf\u00fcgbarkeiten pr\u00fcfen!","og_url":"https:\/\/www.gasthof-seefeld.com\/en\/our-hotel\/arrival-seefeld\/","og_site_name":"Gasthof Batzenh\u00e4usl","article_publisher":"https:\/\/www.facebook.com\/gasthof.seefeld\/","article_modified_time":"2025-08-14T08:46:38+00:00","og_image":[{"width":1920,"height":1080,"url":"https:\/\/www.gasthof-seefeld.com\/wp-content\/uploads\/2020\/03\/anreise-nach-seefeld.png","type":"image\/png"}],"twitter_card":"summary_large_image","twitter_misc":{"Est. reading time":"1 minute"},"schema":{"@context":"https:\/\/schema.org","@graph":[{"@type":"WebPage","@id":"https:\/\/www.gasthof-seefeld.com\/en\/our-hotel\/arrival-seefeld\/","url":"https:\/\/www.gasthof-seefeld.com\/en\/our-hotel\/arrival-seefeld\/","name":"Arrival to Seefeld &#187; Gasthof Batzenh\u00e4usl","isPartOf":{"@id":"https:\/\/www.gasthof-seefeld.com\/#website"},"primaryImageOfPage":{"@id":"https:\/\/www.gasthof-seefeld.com\/en\/our-hotel\/arrival-seefeld\/#primaryimage"},"image":{"@id":"https:\/\/www.gasthof-seefeld.com\/en\/our-hotel\/arrival-seefeld\/#primaryimage"},"thumbnailUrl":"https:\/\/www.gasthof-seefeld.com\/wp-content\/uploads\/2020\/03\/anreise-nach-seefeld.png","datePublished":"2015-12-03T15:11:52+00:00","dateModified":"2025-08-14T08:46:38+00:00","description":"\u27a4 Gasthof Batzenh\u00e4usl \u27a4 Arrival to Seefeld &#187; Unvergesslichen Urlaub in Seefeld genie\u00dfen! &#187; Jetzt Preise & Verf\u00fcgbarkeiten pr\u00fcfen!","breadcrumb":{"@id":"https:\/\/www.gasthof-seefeld.com\/en\/our-hotel\/arrival-seefeld\/#breadcrumb"},"inLanguage":"en-US","potentialAction":[{"@type":"ReadAction","target":["https:\/\/www.gasthof-seefeld.com\/en\/our-hotel\/arrival-seefeld\/"]}]},{"@type":"ImageObject","inLanguage":"en-US","@id":"https:\/\/www.gasthof-seefeld.com\/en\/our-hotel\/arrival-seefeld\/#primaryimage","url":"https:\/\/www.gasthof-seefeld.com\/wp-content\/uploads\/2020\/03\/anreise-nach-seefeld.png","contentUrl":"https:\/\/www.gasthof-seefeld.com\/wp-content\/uploads\/2020\/03\/anreise-nach-seefeld.png","width":1920,"height":1080,"caption":"Anreise nach Seefeld"},{"@type":"BreadcrumbList","@id":"https:\/\/www.gasthof-seefeld.com\/en\/our-hotel\/arrival-seefeld\/#breadcrumb","itemListElement":[{"@type":"ListItem","position":1,"name":"Home","item":"https:\/\/www.gasthof-seefeld.com\/en\/"},{"@type":"ListItem","position":2,"name":"The Hotel","item":"https:\/\/www.gasthof-seefeld.com\/en\/our-hotel\/"},{"@type":"ListItem","position":3,"name":"Arrival to Seefeld"}]},{"@type":"WebSite","@id":"https:\/\/www.gasthof-seefeld.com\/#website","url":"https:\/\/www.gasthof-seefeld.com\/","name":"Gasthof Batzenh\u00e4usl","description":"Tyrolean tradition","publisher":{"@id":"https:\/\/www.gasthof-seefeld.com\/#organization"},"potentialAction":[{"@type":"SearchAction","target":{"@type":"EntryPoint","urlTemplate":"https:\/\/www.gasthof-seefeld.com\/?s={search_term_string}"},"query-input":{"@type":"PropertyValueSpecification","valueRequired":true,"valueName":"search_term_string"}}],"inLanguage":"en-US"},{"@type":"Organization","@id":"https:\/\/www.gasthof-seefeld.com\/#organization","name":"Gasthof Seefeld Batzenh\u00e4usl","url":"https:\/\/www.gasthof-seefeld.com\/","logo":{"@type":"ImageObject","inLanguage":"en-US","@id":"https:\/\/www.gasthof-seefeld.com\/#\/schema\/logo\/image\/","url":"https:\/\/www.gasthof-seefeld.com\/wp-content\/uploads\/2019\/07\/gasthof-seefeld-logo.jpg","contentUrl":"https:\/\/www.gasthof-seefeld.com\/wp-content\/uploads\/2019\/07\/gasthof-seefeld-logo.jpg","width":1200,"height":627,"caption":"Gasthof Seefeld Batzenh\u00e4usl"},"image":{"@id":"https:\/\/www.gasthof-seefeld.com\/#\/schema\/logo\/image\/"},"sameAs":["https:\/\/www.facebook.com\/gasthof.seefeld\/","https:\/\/www.instagram.com\/kaltschmid.hotels.seefeld\/","https:\/\/www.youtube.com\/user\/KaltschmidSeefeld"]}]}},"_links":{"self":[{"href":"https:\/\/www.gasthof-seefeld.com\/en\/wp-json\/wp\/v2\/pages\/1208","targetHints":{"allow":["GET"]}}],"collection":[{"href":"https:\/\/www.gasthof-seefeld.com\/en\/wp-json\/wp\/v2\/pages"}],"about":[{"href":"https:\/\/www.gasthof-seefeld.com\/en\/wp-json\/wp\/v2\/types\/page"}],"author":[{"embeddable":true,"href":"https:\/\/www.gasthof-seefeld.com\/en\/wp-json\/wp\/v2\/users\/1"}],"replies":[{"embeddable":true,"href":"https:\/\/www.gasthof-seefeld.com\/en\/wp-json\/wp\/v2\/comments?post=1208"}],"version-history":[{"count":21,"href":"https:\/\/www.gasthof-seefeld.com\/en\/wp-json\/wp\/v2\/pages\/1208\/revisions"}],"predecessor-version":[{"id":10765,"href":"https:\/\/www.gasthof-seefeld.com\/en\/wp-json\/wp\/v2\/pages\/1208\/revisions\/10765"}],"up":[{"embeddable":true,"href":"https:\/\/www.gasthof-seefeld.com\/en\/wp-json\/wp\/v2\/pages\/1216"}],"wp:featuredmedia":[{"embeddable":true,"href":"https:\/\/www.gasthof-seefeld.com\/en\/wp-json\/wp\/v2\/media\/4958"}],"wp:attachment":[{"href":"https:\/\/www.gasthof-seefeld.com\/en\/wp-json\/wp\/v2\/media?parent=1208"}],"wp:term":[{"taxonomy":"category","embeddable":true,"href":"https:\/\/www.gasthof-seefeld.com\/en\/wp-json\/wp\/v2\/categories?post=1208"},{"taxonomy":"post_tag","embeddable":true,"href":"https:\/\/www.gasthof-seefeld.com\/en\/wp-json\/wp\/v2\/tags?post=1208"}],"curies":[{"name":"wp","href":"https:\/\/api.w.org\/{rel}","templated":true}]}}