{"id":6098,"date":"2021-07-12T14:07:34","date_gmt":"2021-07-12T12:07:34","guid":{"rendered":"https:\/\/www.gasthof-seefeld.com\/?page_id=6098"},"modified":"2026-03-21T17:41:30","modified_gmt":"2026-03-21T16:41:30","slug":"hiking-theme-paths","status":"publish","type":"page","link":"https:\/\/www.gasthof-seefeld.com\/en\/region-seefeld\/hiking-theme-paths\/","title":{"rendered":"Hiking Theme Paths"},"content":{"rendered":"","protected":false},"excerpt":{"rendered":"","protected":false},"author":30,"featured_media":8868,"parent":1190,"menu_order":0,"comment_status":"closed","ping_status":"closed","template":"","meta":{"_acf_changed":false,"footnotes":""},"categories":[],"tags":[],"class_list":["post-6098","page","type-page","status-publish","has-post-thumbnail","hentry"],"acf":[],"yoast_head":"<!-- This site is optimized with the Yoast SEO plugin v26.1.1 - https:\/\/yoast.com\/wordpress\/plugins\/seo\/ -->\n<title>Hiking Theme Paths &#187; Gasthof Batzenh\u00e4usl<\/title>\n<meta name=\"description\" content=\"\u27a4 Gasthof Batzenh\u00e4usl \u27a4 Hiking Theme Paths &#187; Unvergesslichen Urlaub in Seefeld genie\u00dfen! &#187; Jetzt Preise &amp; Verf\u00fcgbarkeiten pr\u00fcfen!\" \/>\n<meta name=\"robots\" content=\"index, follow, max-snippet:-1, max-image-preview:large, max-video-preview:-1\" \/>\n<link rel=\"canonical\" href=\"https:\/\/www.gasthof-seefeld.com\/en\/region-seefeld\/hiking-theme-paths\/\" \/>\n<meta property=\"og:locale\" content=\"en_US\" \/>\n<meta property=\"og:type\" content=\"article\" \/>\n<meta property=\"og:title\" content=\"Hiking Theme Paths &#187; Gasthof Batzenh\u00e4usl\" \/>\n<meta property=\"og:description\" content=\"\u27a4 Gasthof Batzenh\u00e4usl \u27a4 Hiking Theme Paths &#187; Unvergesslichen Urlaub in Seefeld genie\u00dfen! &#187; Jetzt Preise &amp; Verf\u00fcgbarkeiten pr\u00fcfen!\" \/>\n<meta property=\"og:url\" content=\"https:\/\/www.gasthof-seefeld.com\/en\/region-seefeld\/hiking-theme-paths\/\" \/>\n<meta property=\"og:site_name\" content=\"Gasthof Batzenh\u00e4usl\" \/>\n<meta property=\"article:publisher\" content=\"https:\/\/www.facebook.com\/gasthof.seefeld\/\" \/>\n<meta property=\"article:modified_time\" content=\"2026-03-21T16:41:30+00:00\" \/>\n<meta property=\"og:image\" content=\"https:\/\/www.gasthof-seefeld.com\/wp-content\/uploads\/2023\/04\/wanderer-auf-der-rosshuette-seefeld-im-sommer.jpg\" \/>\n\t<meta property=\"og:image:width\" content=\"2000\" \/>\n\t<meta property=\"og:image:height\" content=\"1331\" \/>\n\t<meta property=\"og:image:type\" content=\"image\/jpeg\" \/>\n<meta name=\"twitter:card\" content=\"summary_large_image\" \/>\n<meta name=\"twitter:label1\" content=\"Est. reading time\" \/>\n\t<meta name=\"twitter:data1\" content=\"1 minute\" \/>\n<script type=\"application\/ld+json\" class=\"yoast-schema-graph\">{\"@context\":\"https:\/\/schema.org\",\"@graph\":[{\"@type\":\"WebPage\",\"@id\":\"https:\/\/www.gasthof-seefeld.com\/en\/region-seefeld\/hiking-theme-paths\/\",\"url\":\"https:\/\/www.gasthof-seefeld.com\/en\/region-seefeld\/hiking-theme-paths\/\",\"name\":\"Hiking Theme Paths &#187; Gasthof Batzenh\u00e4usl\",\"isPartOf\":{\"@id\":\"https:\/\/www.gasthof-seefeld.com\/#website\"},\"primaryImageOfPage\":{\"@id\":\"https:\/\/www.gasthof-seefeld.com\/en\/region-seefeld\/hiking-theme-paths\/#primaryimage\"},\"image\":{\"@id\":\"https:\/\/www.gasthof-seefeld.com\/en\/region-seefeld\/hiking-theme-paths\/#primaryimage\"},\"thumbnailUrl\":\"https:\/\/www.gasthof-seefeld.com\/wp-content\/uploads\/2023\/04\/wanderer-auf-der-rosshuette-seefeld-im-sommer.jpg\",\"datePublished\":\"2021-07-12T12:07:34+00:00\",\"dateModified\":\"2026-03-21T16:41:30+00:00\",\"description\":\"\u27a4 Gasthof Batzenh\u00e4usl \u27a4 Hiking Theme Paths &#187; Unvergesslichen Urlaub in Seefeld genie\u00dfen! &#187; Jetzt Preise & Verf\u00fcgbarkeiten pr\u00fcfen!\",\"breadcrumb\":{\"@id\":\"https:\/\/www.gasthof-seefeld.com\/en\/region-seefeld\/hiking-theme-paths\/#breadcrumb\"},\"inLanguage\":\"en-US\",\"potentialAction\":[{\"@type\":\"ReadAction\",\"target\":[\"https:\/\/www.gasthof-seefeld.com\/en\/region-seefeld\/hiking-theme-paths\/\"]}]},{\"@type\":\"ImageObject\",\"inLanguage\":\"en-US\",\"@id\":\"https:\/\/www.gasthof-seefeld.com\/en\/region-seefeld\/hiking-theme-paths\/#primaryimage\",\"url\":\"https:\/\/www.gasthof-seefeld.com\/wp-content\/uploads\/2023\/04\/wanderer-auf-der-rosshuette-seefeld-im-sommer.jpg\",\"contentUrl\":\"https:\/\/www.gasthof-seefeld.com\/wp-content\/uploads\/2023\/04\/wanderer-auf-der-rosshuette-seefeld-im-sommer.jpg\",\"width\":2000,\"height\":1331,\"caption\":\"Wanderer auf der Rosshuette Seefeld im Sommer\"},{\"@type\":\"BreadcrumbList\",\"@id\":\"https:\/\/www.gasthof-seefeld.com\/en\/region-seefeld\/hiking-theme-paths\/#breadcrumb\",\"itemListElement\":[{\"@type\":\"ListItem\",\"position\":1,\"name\":\"Home\",\"item\":\"https:\/\/www.gasthof-seefeld.com\/en\/\"},{\"@type\":\"ListItem\",\"position\":2,\"name\":\"Region Seefeld\",\"item\":\"https:\/\/www.gasthof-seefeld.com\/en\/region-seefeld\/\"},{\"@type\":\"ListItem\",\"position\":3,\"name\":\"Hiking Theme Paths\"}]},{\"@type\":\"WebSite\",\"@id\":\"https:\/\/www.gasthof-seefeld.com\/#website\",\"url\":\"https:\/\/www.gasthof-seefeld.com\/\",\"name\":\"Gasthof Batzenh\u00e4usl\",\"description\":\"Tyrolean tradition\",\"publisher\":{\"@id\":\"https:\/\/www.gasthof-seefeld.com\/#organization\"},\"potentialAction\":[{\"@type\":\"SearchAction\",\"target\":{\"@type\":\"EntryPoint\",\"urlTemplate\":\"https:\/\/www.gasthof-seefeld.com\/?s={search_term_string}\"},\"query-input\":{\"@type\":\"PropertyValueSpecification\",\"valueRequired\":true,\"valueName\":\"search_term_string\"}}],\"inLanguage\":\"en-US\"},{\"@type\":\"Organization\",\"@id\":\"https:\/\/www.gasthof-seefeld.com\/#organization\",\"name\":\"Gasthof Seefeld Batzenh\u00e4usl\",\"url\":\"https:\/\/www.gasthof-seefeld.com\/\",\"logo\":{\"@type\":\"ImageObject\",\"inLanguage\":\"en-US\",\"@id\":\"https:\/\/www.gasthof-seefeld.com\/#\/schema\/logo\/image\/\",\"url\":\"https:\/\/www.gasthof-seefeld.com\/wp-content\/uploads\/2019\/07\/gasthof-seefeld-logo.jpg\",\"contentUrl\":\"https:\/\/www.gasthof-seefeld.com\/wp-content\/uploads\/2019\/07\/gasthof-seefeld-logo.jpg\",\"width\":1200,\"height\":627,\"caption\":\"Gasthof Seefeld Batzenh\u00e4usl\"},\"image\":{\"@id\":\"https:\/\/www.gasthof-seefeld.com\/#\/schema\/logo\/image\/\"},\"sameAs\":[\"https:\/\/www.facebook.com\/gasthof.seefeld\/\",\"https:\/\/www.instagram.com\/kaltschmid.hotels.seefeld\/\",\"https:\/\/www.youtube.com\/user\/KaltschmidSeefeld\"]}]}<\/script>\n<!-- \/ Yoast SEO plugin. -->","yoast_head_json":{"title":"Hiking Theme Paths &#187; Gasthof Batzenh\u00e4usl","description":"\u27a4 Gasthof Batzenh\u00e4usl \u27a4 Hiking Theme Paths &#187; Unvergesslichen Urlaub in Seefeld genie\u00dfen! &#187; Jetzt Preise & Verf\u00fcgbarkeiten pr\u00fcfen!","robots":{"index":"index","follow":"follow","max-snippet":"max-snippet:-1","max-image-preview":"max-image-preview:large","max-video-preview":"max-video-preview:-1"},"canonical":"https:\/\/www.gasthof-seefeld.com\/en\/region-seefeld\/hiking-theme-paths\/","og_locale":"en_US","og_type":"article","og_title":"Hiking Theme Paths &#187; Gasthof Batzenh\u00e4usl","og_description":"\u27a4 Gasthof Batzenh\u00e4usl \u27a4 Hiking Theme Paths &#187; Unvergesslichen Urlaub in Seefeld genie\u00dfen! &#187; Jetzt Preise & Verf\u00fcgbarkeiten pr\u00fcfen!","og_url":"https:\/\/www.gasthof-seefeld.com\/en\/region-seefeld\/hiking-theme-paths\/","og_site_name":"Gasthof Batzenh\u00e4usl","article_publisher":"https:\/\/www.facebook.com\/gasthof.seefeld\/","article_modified_time":"2026-03-21T16:41:30+00:00","og_image":[{"width":2000,"height":1331,"url":"https:\/\/www.gasthof-seefeld.com\/wp-content\/uploads\/2023\/04\/wanderer-auf-der-rosshuette-seefeld-im-sommer.jpg","type":"image\/jpeg"}],"twitter_card":"summary_large_image","twitter_misc":{"Est. reading time":"1 minute"},"schema":{"@context":"https:\/\/schema.org","@graph":[{"@type":"WebPage","@id":"https:\/\/www.gasthof-seefeld.com\/en\/region-seefeld\/hiking-theme-paths\/","url":"https:\/\/www.gasthof-seefeld.com\/en\/region-seefeld\/hiking-theme-paths\/","name":"Hiking Theme Paths &#187; Gasthof Batzenh\u00e4usl","isPartOf":{"@id":"https:\/\/www.gasthof-seefeld.com\/#website"},"primaryImageOfPage":{"@id":"https:\/\/www.gasthof-seefeld.com\/en\/region-seefeld\/hiking-theme-paths\/#primaryimage"},"image":{"@id":"https:\/\/www.gasthof-seefeld.com\/en\/region-seefeld\/hiking-theme-paths\/#primaryimage"},"thumbnailUrl":"https:\/\/www.gasthof-seefeld.com\/wp-content\/uploads\/2023\/04\/wanderer-auf-der-rosshuette-seefeld-im-sommer.jpg","datePublished":"2021-07-12T12:07:34+00:00","dateModified":"2026-03-21T16:41:30+00:00","description":"\u27a4 Gasthof Batzenh\u00e4usl \u27a4 Hiking Theme Paths &#187; Unvergesslichen Urlaub in Seefeld genie\u00dfen! &#187; Jetzt Preise & Verf\u00fcgbarkeiten pr\u00fcfen!","breadcrumb":{"@id":"https:\/\/www.gasthof-seefeld.com\/en\/region-seefeld\/hiking-theme-paths\/#breadcrumb"},"inLanguage":"en-US","potentialAction":[{"@type":"ReadAction","target":["https:\/\/www.gasthof-seefeld.com\/en\/region-seefeld\/hiking-theme-paths\/"]}]},{"@type":"ImageObject","inLanguage":"en-US","@id":"https:\/\/www.gasthof-seefeld.com\/en\/region-seefeld\/hiking-theme-paths\/#primaryimage","url":"https:\/\/www.gasthof-seefeld.com\/wp-content\/uploads\/2023\/04\/wanderer-auf-der-rosshuette-seefeld-im-sommer.jpg","contentUrl":"https:\/\/www.gasthof-seefeld.com\/wp-content\/uploads\/2023\/04\/wanderer-auf-der-rosshuette-seefeld-im-sommer.jpg","width":2000,"height":1331,"caption":"Wanderer auf der Rosshuette Seefeld im Sommer"},{"@type":"BreadcrumbList","@id":"https:\/\/www.gasthof-seefeld.com\/en\/region-seefeld\/hiking-theme-paths\/#breadcrumb","itemListElement":[{"@type":"ListItem","position":1,"name":"Home","item":"https:\/\/www.gasthof-seefeld.com\/en\/"},{"@type":"ListItem","position":2,"name":"Region Seefeld","item":"https:\/\/www.gasthof-seefeld.com\/en\/region-seefeld\/"},{"@type":"ListItem","position":3,"name":"Hiking Theme Paths"}]},{"@type":"WebSite","@id":"https:\/\/www.gasthof-seefeld.com\/#website","url":"https:\/\/www.gasthof-seefeld.com\/","name":"Gasthof Batzenh\u00e4usl","description":"Tyrolean tradition","publisher":{"@id":"https:\/\/www.gasthof-seefeld.com\/#organization"},"potentialAction":[{"@type":"SearchAction","target":{"@type":"EntryPoint","urlTemplate":"https:\/\/www.gasthof-seefeld.com\/?s={search_term_string}"},"query-input":{"@type":"PropertyValueSpecification","valueRequired":true,"valueName":"search_term_string"}}],"inLanguage":"en-US"},{"@type":"Organization","@id":"https:\/\/www.gasthof-seefeld.com\/#organization","name":"Gasthof Seefeld Batzenh\u00e4usl","url":"https:\/\/www.gasthof-seefeld.com\/","logo":{"@type":"ImageObject","inLanguage":"en-US","@id":"https:\/\/www.gasthof-seefeld.com\/#\/schema\/logo\/image\/","url":"https:\/\/www.gasthof-seefeld.com\/wp-content\/uploads\/2019\/07\/gasthof-seefeld-logo.jpg","contentUrl":"https:\/\/www.gasthof-seefeld.com\/wp-content\/uploads\/2019\/07\/gasthof-seefeld-logo.jpg","width":1200,"height":627,"caption":"Gasthof Seefeld Batzenh\u00e4usl"},"image":{"@id":"https:\/\/www.gasthof-seefeld.com\/#\/schema\/logo\/image\/"},"sameAs":["https:\/\/www.facebook.com\/gasthof.seefeld\/","https:\/\/www.instagram.com\/kaltschmid.hotels.seefeld\/","https:\/\/www.youtube.com\/user\/KaltschmidSeefeld"]}]}},"_links":{"self":[{"href":"https:\/\/www.gasthof-seefeld.com\/en\/wp-json\/wp\/v2\/pages\/6098","targetHints":{"allow":["GET"]}}],"collection":[{"href":"https:\/\/www.gasthof-seefeld.com\/en\/wp-json\/wp\/v2\/pages"}],"about":[{"href":"https:\/\/www.gasthof-seefeld.com\/en\/wp-json\/wp\/v2\/types\/page"}],"author":[{"embeddable":true,"href":"https:\/\/www.gasthof-seefeld.com\/en\/wp-json\/wp\/v2\/users\/30"}],"replies":[{"embeddable":true,"href":"https:\/\/www.gasthof-seefeld.com\/en\/wp-json\/wp\/v2\/comments?post=6098"}],"version-history":[{"count":7,"href":"https:\/\/www.gasthof-seefeld.com\/en\/wp-json\/wp\/v2\/pages\/6098\/revisions"}],"predecessor-version":[{"id":9218,"href":"https:\/\/www.gasthof-seefeld.com\/en\/wp-json\/wp\/v2\/pages\/6098\/revisions\/9218"}],"up":[{"embeddable":true,"href":"https:\/\/www.gasthof-seefeld.com\/en\/wp-json\/wp\/v2\/pages\/1190"}],"wp:featuredmedia":[{"embeddable":true,"href":"https:\/\/www.gasthof-seefeld.com\/en\/wp-json\/wp\/v2\/media\/8868"}],"wp:attachment":[{"href":"https:\/\/www.gasthof-seefeld.com\/en\/wp-json\/wp\/v2\/media?parent=6098"}],"wp:term":[{"taxonomy":"category","embeddable":true,"href":"https:\/\/www.gasthof-seefeld.com\/en\/wp-json\/wp\/v2\/categories?post=6098"},{"taxonomy":"post_tag","embeddable":true,"href":"https:\/\/www.gasthof-seefeld.com\/en\/wp-json\/wp\/v2\/tags?post=6098"}],"curies":[{"name":"wp","href":"https:\/\/api.w.org\/{rel}","templated":true}]}}