{"id":1373,"date":"2015-12-04T11:05:07","date_gmt":"2015-12-04T10:05:07","guid":{"rendered":"https:\/\/www.gasthof-seefeld.com\/it\/verpflegung\/"},"modified":"2025-02-24T13:38:09","modified_gmt":"2025-02-24T12:38:09","slug":"ristorazione","status":"publish","type":"page","link":"https:\/\/www.gasthof-seefeld.com\/it\/camere-e-prezzi\/ristorazione\/","title":{"rendered":"Ristorazione"},"content":{"rendered":"","protected":false},"excerpt":{"rendered":"","protected":false},"author":3,"featured_media":8897,"parent":1379,"menu_order":0,"comment_status":"closed","ping_status":"closed","template":"","meta":{"_acf_changed":false,"footnotes":""},"categories":[],"tags":[],"class_list":["post-1373","page","type-page","status-publish","has-post-thumbnail","hentry"],"acf":[],"yoast_head":"<!-- This site is optimized with the Yoast SEO plugin v27.5 - https:\/\/yoast.com\/product\/yoast-seo-wordpress\/ -->\n<title>Ristorazione &#187; Gasthof Batzenh\u00e4usl<\/title>\n<meta name=\"description\" content=\"\u27a4 Gasthof Batzenh\u00e4usl \u27a4 Ristorazione &#187; Unvergesslichen Urlaub in Seefeld genie\u00dfen! &#187; Jetzt Preise &amp; Verf\u00fcgbarkeiten pr\u00fcfen!\" \/>\n<meta name=\"robots\" content=\"index, follow, max-snippet:-1, max-image-preview:large, max-video-preview:-1\" \/>\n<link rel=\"canonical\" href=\"https:\/\/www.gasthof-seefeld.com\/it\/camere-e-prezzi\/ristorazione\/\" \/>\n<meta property=\"og:locale\" content=\"it_IT\" \/>\n<meta property=\"og:type\" content=\"article\" \/>\n<meta property=\"og:title\" content=\"Ristorazione &#187; Gasthof Batzenh\u00e4usl\" \/>\n<meta property=\"og:description\" content=\"\u27a4 Gasthof Batzenh\u00e4usl \u27a4 Ristorazione &#187; Unvergesslichen Urlaub in Seefeld genie\u00dfen! &#187; Jetzt Preise &amp; Verf\u00fcgbarkeiten pr\u00fcfen!\" \/>\n<meta property=\"og:url\" content=\"https:\/\/www.gasthof-seefeld.com\/it\/camere-e-prezzi\/ristorazione\/\" \/>\n<meta property=\"og:site_name\" content=\"Gasthof Batzenh\u00e4usl\" \/>\n<meta property=\"article:publisher\" content=\"https:\/\/www.facebook.com\/gasthof.seefeld\/\" \/>\n<meta property=\"article:modified_time\" content=\"2025-02-24T12:38:09+00:00\" \/>\n<meta property=\"og:image\" content=\"https:\/\/www.gasthof-seefeld.com\/wp-content\/uploads\/2023\/04\/verpflegung-batzenhaeusl.png\" \/>\n\t<meta property=\"og:image:width\" content=\"1920\" \/>\n\t<meta property=\"og:image:height\" content=\"1280\" \/>\n\t<meta property=\"og:image:type\" content=\"image\/png\" \/>\n<meta name=\"twitter:card\" content=\"summary_large_image\" \/>\n<meta name=\"twitter:label1\" content=\"Est. reading time\" \/>\n\t<meta name=\"twitter:data1\" content=\"1 minute\" \/>\n<script type=\"application\/ld+json\" class=\"yoast-schema-graph\">{\"@context\":\"https:\\\/\\\/schema.org\",\"@graph\":[{\"@type\":\"WebPage\",\"@id\":\"https:\\\/\\\/www.gasthof-seefeld.com\\\/it\\\/camere-e-prezzi\\\/ristorazione\\\/\",\"url\":\"https:\\\/\\\/www.gasthof-seefeld.com\\\/it\\\/camere-e-prezzi\\\/ristorazione\\\/\",\"name\":\"Ristorazione &#187; Gasthof Batzenh\u00e4usl\",\"isPartOf\":{\"@id\":\"https:\\\/\\\/www.gasthof-seefeld.com\\\/#website\"},\"primaryImageOfPage\":{\"@id\":\"https:\\\/\\\/www.gasthof-seefeld.com\\\/it\\\/camere-e-prezzi\\\/ristorazione\\\/#primaryimage\"},\"image\":{\"@id\":\"https:\\\/\\\/www.gasthof-seefeld.com\\\/it\\\/camere-e-prezzi\\\/ristorazione\\\/#primaryimage\"},\"thumbnailUrl\":\"https:\\\/\\\/www.gasthof-seefeld.com\\\/wp-content\\\/uploads\\\/2023\\\/04\\\/verpflegung-batzenhaeusl.png\",\"datePublished\":\"2015-12-04T10:05:07+00:00\",\"dateModified\":\"2025-02-24T12:38:09+00:00\",\"description\":\"\u27a4 Gasthof Batzenh\u00e4usl \u27a4 Ristorazione &#187; Unvergesslichen Urlaub in Seefeld genie\u00dfen! &#187; Jetzt Preise & Verf\u00fcgbarkeiten pr\u00fcfen!\",\"breadcrumb\":{\"@id\":\"https:\\\/\\\/www.gasthof-seefeld.com\\\/it\\\/camere-e-prezzi\\\/ristorazione\\\/#breadcrumb\"},\"inLanguage\":\"it-IT\",\"potentialAction\":[{\"@type\":\"ReadAction\",\"target\":[\"https:\\\/\\\/www.gasthof-seefeld.com\\\/it\\\/camere-e-prezzi\\\/ristorazione\\\/\"]}]},{\"@type\":\"ImageObject\",\"inLanguage\":\"it-IT\",\"@id\":\"https:\\\/\\\/www.gasthof-seefeld.com\\\/it\\\/camere-e-prezzi\\\/ristorazione\\\/#primaryimage\",\"url\":\"https:\\\/\\\/www.gasthof-seefeld.com\\\/wp-content\\\/uploads\\\/2023\\\/04\\\/verpflegung-batzenhaeusl.png\",\"contentUrl\":\"https:\\\/\\\/www.gasthof-seefeld.com\\\/wp-content\\\/uploads\\\/2023\\\/04\\\/verpflegung-batzenhaeusl.png\",\"width\":1920,\"height\":1280,\"caption\":\"verpflegung-batzenhaeusl\"},{\"@type\":\"BreadcrumbList\",\"@id\":\"https:\\\/\\\/www.gasthof-seefeld.com\\\/it\\\/camere-e-prezzi\\\/ristorazione\\\/#breadcrumb\",\"itemListElement\":[{\"@type\":\"ListItem\",\"position\":1,\"name\":\"Home\",\"item\":\"https:\\\/\\\/www.gasthof-seefeld.com\\\/it\\\/\"},{\"@type\":\"ListItem\",\"position\":2,\"name\":\"Camere e prezzi\",\"item\":\"https:\\\/\\\/www.gasthof-seefeld.com\\\/it\\\/camere-e-prezzi\\\/\"},{\"@type\":\"ListItem\",\"position\":3,\"name\":\"Ristorazione\"}]},{\"@type\":\"WebSite\",\"@id\":\"https:\\\/\\\/www.gasthof-seefeld.com\\\/#website\",\"url\":\"https:\\\/\\\/www.gasthof-seefeld.com\\\/\",\"name\":\"Gasthof Batzenh\u00e4usl\",\"description\":\"Tyrolean tradition\",\"publisher\":{\"@id\":\"https:\\\/\\\/www.gasthof-seefeld.com\\\/#organization\"},\"potentialAction\":[{\"@type\":\"SearchAction\",\"target\":{\"@type\":\"EntryPoint\",\"urlTemplate\":\"https:\\\/\\\/www.gasthof-seefeld.com\\\/?s={search_term_string}\"},\"query-input\":{\"@type\":\"PropertyValueSpecification\",\"valueRequired\":true,\"valueName\":\"search_term_string\"}}],\"inLanguage\":\"it-IT\"},{\"@type\":\"Organization\",\"@id\":\"https:\\\/\\\/www.gasthof-seefeld.com\\\/#organization\",\"name\":\"Gasthof Seefeld Batzenh\u00e4usl\",\"url\":\"https:\\\/\\\/www.gasthof-seefeld.com\\\/\",\"logo\":{\"@type\":\"ImageObject\",\"inLanguage\":\"it-IT\",\"@id\":\"https:\\\/\\\/www.gasthof-seefeld.com\\\/#\\\/schema\\\/logo\\\/image\\\/\",\"url\":\"https:\\\/\\\/www.gasthof-seefeld.com\\\/wp-content\\\/uploads\\\/2019\\\/07\\\/gasthof-seefeld-logo.jpg\",\"contentUrl\":\"https:\\\/\\\/www.gasthof-seefeld.com\\\/wp-content\\\/uploads\\\/2019\\\/07\\\/gasthof-seefeld-logo.jpg\",\"width\":1200,\"height\":627,\"caption\":\"Gasthof Seefeld Batzenh\u00e4usl\"},\"image\":{\"@id\":\"https:\\\/\\\/www.gasthof-seefeld.com\\\/#\\\/schema\\\/logo\\\/image\\\/\"},\"sameAs\":[\"https:\\\/\\\/www.facebook.com\\\/gasthof.seefeld\\\/\",\"https:\\\/\\\/www.instagram.com\\\/kaltschmid.hotels.seefeld\\\/\",\"https:\\\/\\\/www.youtube.com\\\/user\\\/KaltschmidSeefeld\"]}]}<\/script>\n<!-- \/ Yoast SEO plugin. -->","yoast_head_json":{"title":"Ristorazione &#187; Gasthof Batzenh\u00e4usl","description":"\u27a4 Gasthof Batzenh\u00e4usl \u27a4 Ristorazione &#187; Unvergesslichen Urlaub in Seefeld genie\u00dfen! &#187; Jetzt Preise & Verf\u00fcgbarkeiten pr\u00fcfen!","robots":{"index":"index","follow":"follow","max-snippet":"max-snippet:-1","max-image-preview":"max-image-preview:large","max-video-preview":"max-video-preview:-1"},"canonical":"https:\/\/www.gasthof-seefeld.com\/it\/camere-e-prezzi\/ristorazione\/","og_locale":"it_IT","og_type":"article","og_title":"Ristorazione &#187; Gasthof Batzenh\u00e4usl","og_description":"\u27a4 Gasthof Batzenh\u00e4usl \u27a4 Ristorazione &#187; Unvergesslichen Urlaub in Seefeld genie\u00dfen! &#187; Jetzt Preise & Verf\u00fcgbarkeiten pr\u00fcfen!","og_url":"https:\/\/www.gasthof-seefeld.com\/it\/camere-e-prezzi\/ristorazione\/","og_site_name":"Gasthof Batzenh\u00e4usl","article_publisher":"https:\/\/www.facebook.com\/gasthof.seefeld\/","article_modified_time":"2025-02-24T12:38:09+00:00","og_image":[{"width":1920,"height":1280,"url":"https:\/\/www.gasthof-seefeld.com\/wp-content\/uploads\/2023\/04\/verpflegung-batzenhaeusl.png","type":"image\/png"}],"twitter_card":"summary_large_image","twitter_misc":{"Est. reading time":"1 minute"},"schema":{"@context":"https:\/\/schema.org","@graph":[{"@type":"WebPage","@id":"https:\/\/www.gasthof-seefeld.com\/it\/camere-e-prezzi\/ristorazione\/","url":"https:\/\/www.gasthof-seefeld.com\/it\/camere-e-prezzi\/ristorazione\/","name":"Ristorazione &#187; Gasthof Batzenh\u00e4usl","isPartOf":{"@id":"https:\/\/www.gasthof-seefeld.com\/#website"},"primaryImageOfPage":{"@id":"https:\/\/www.gasthof-seefeld.com\/it\/camere-e-prezzi\/ristorazione\/#primaryimage"},"image":{"@id":"https:\/\/www.gasthof-seefeld.com\/it\/camere-e-prezzi\/ristorazione\/#primaryimage"},"thumbnailUrl":"https:\/\/www.gasthof-seefeld.com\/wp-content\/uploads\/2023\/04\/verpflegung-batzenhaeusl.png","datePublished":"2015-12-04T10:05:07+00:00","dateModified":"2025-02-24T12:38:09+00:00","description":"\u27a4 Gasthof Batzenh\u00e4usl \u27a4 Ristorazione &#187; Unvergesslichen Urlaub in Seefeld genie\u00dfen! &#187; Jetzt Preise & Verf\u00fcgbarkeiten pr\u00fcfen!","breadcrumb":{"@id":"https:\/\/www.gasthof-seefeld.com\/it\/camere-e-prezzi\/ristorazione\/#breadcrumb"},"inLanguage":"it-IT","potentialAction":[{"@type":"ReadAction","target":["https:\/\/www.gasthof-seefeld.com\/it\/camere-e-prezzi\/ristorazione\/"]}]},{"@type":"ImageObject","inLanguage":"it-IT","@id":"https:\/\/www.gasthof-seefeld.com\/it\/camere-e-prezzi\/ristorazione\/#primaryimage","url":"https:\/\/www.gasthof-seefeld.com\/wp-content\/uploads\/2023\/04\/verpflegung-batzenhaeusl.png","contentUrl":"https:\/\/www.gasthof-seefeld.com\/wp-content\/uploads\/2023\/04\/verpflegung-batzenhaeusl.png","width":1920,"height":1280,"caption":"verpflegung-batzenhaeusl"},{"@type":"BreadcrumbList","@id":"https:\/\/www.gasthof-seefeld.com\/it\/camere-e-prezzi\/ristorazione\/#breadcrumb","itemListElement":[{"@type":"ListItem","position":1,"name":"Home","item":"https:\/\/www.gasthof-seefeld.com\/it\/"},{"@type":"ListItem","position":2,"name":"Camere e prezzi","item":"https:\/\/www.gasthof-seefeld.com\/it\/camere-e-prezzi\/"},{"@type":"ListItem","position":3,"name":"Ristorazione"}]},{"@type":"WebSite","@id":"https:\/\/www.gasthof-seefeld.com\/#website","url":"https:\/\/www.gasthof-seefeld.com\/","name":"Gasthof Batzenh\u00e4usl","description":"Tyrolean tradition","publisher":{"@id":"https:\/\/www.gasthof-seefeld.com\/#organization"},"potentialAction":[{"@type":"SearchAction","target":{"@type":"EntryPoint","urlTemplate":"https:\/\/www.gasthof-seefeld.com\/?s={search_term_string}"},"query-input":{"@type":"PropertyValueSpecification","valueRequired":true,"valueName":"search_term_string"}}],"inLanguage":"it-IT"},{"@type":"Organization","@id":"https:\/\/www.gasthof-seefeld.com\/#organization","name":"Gasthof Seefeld Batzenh\u00e4usl","url":"https:\/\/www.gasthof-seefeld.com\/","logo":{"@type":"ImageObject","inLanguage":"it-IT","@id":"https:\/\/www.gasthof-seefeld.com\/#\/schema\/logo\/image\/","url":"https:\/\/www.gasthof-seefeld.com\/wp-content\/uploads\/2019\/07\/gasthof-seefeld-logo.jpg","contentUrl":"https:\/\/www.gasthof-seefeld.com\/wp-content\/uploads\/2019\/07\/gasthof-seefeld-logo.jpg","width":1200,"height":627,"caption":"Gasthof Seefeld Batzenh\u00e4usl"},"image":{"@id":"https:\/\/www.gasthof-seefeld.com\/#\/schema\/logo\/image\/"},"sameAs":["https:\/\/www.facebook.com\/gasthof.seefeld\/","https:\/\/www.instagram.com\/kaltschmid.hotels.seefeld\/","https:\/\/www.youtube.com\/user\/KaltschmidSeefeld"]}]}},"_links":{"self":[{"href":"https:\/\/www.gasthof-seefeld.com\/it\/wp-json\/wp\/v2\/pages\/1373","targetHints":{"allow":["GET"]}}],"collection":[{"href":"https:\/\/www.gasthof-seefeld.com\/it\/wp-json\/wp\/v2\/pages"}],"about":[{"href":"https:\/\/www.gasthof-seefeld.com\/it\/wp-json\/wp\/v2\/types\/page"}],"author":[{"embeddable":true,"href":"https:\/\/www.gasthof-seefeld.com\/it\/wp-json\/wp\/v2\/users\/3"}],"replies":[{"embeddable":true,"href":"https:\/\/www.gasthof-seefeld.com\/it\/wp-json\/wp\/v2\/comments?post=1373"}],"version-history":[{"count":25,"href":"https:\/\/www.gasthof-seefeld.com\/it\/wp-json\/wp\/v2\/pages\/1373\/revisions"}],"predecessor-version":[{"id":10591,"href":"https:\/\/www.gasthof-seefeld.com\/it\/wp-json\/wp\/v2\/pages\/1373\/revisions\/10591"}],"up":[{"embeddable":true,"href":"https:\/\/www.gasthof-seefeld.com\/it\/wp-json\/wp\/v2\/pages\/1379"}],"wp:featuredmedia":[{"embeddable":true,"href":"https:\/\/www.gasthof-seefeld.com\/it\/wp-json\/wp\/v2\/media\/8897"}],"wp:attachment":[{"href":"https:\/\/www.gasthof-seefeld.com\/it\/wp-json\/wp\/v2\/media?parent=1373"}],"wp:term":[{"taxonomy":"category","embeddable":true,"href":"https:\/\/www.gasthof-seefeld.com\/it\/wp-json\/wp\/v2\/categories?post=1373"},{"taxonomy":"post_tag","embeddable":true,"href":"https:\/\/www.gasthof-seefeld.com\/it\/wp-json\/wp\/v2\/tags?post=1373"}],"curies":[{"name":"wp","href":"https:\/\/api.w.org\/{rel}","templated":true}]}}