{"id":1383,"date":"2015-12-04T10:06:34","date_gmt":"2015-12-04T09:06:34","guid":{"rendered":"https:\/\/www.gasthof-seefeld.com\/it\/specials\/stadtkernnaehe\/"},"modified":"2026-03-21T17:37:00","modified_gmt":"2026-03-21T16:37:00","slug":"regione-seefeld","status":"publish","type":"page","link":"https:\/\/www.gasthof-seefeld.com\/it\/regione-seefeld\/","title":{"rendered":"La regione di Seefeld"},"content":{"rendered":"    <div id=\"ep-block-pre-text-block_64b1da5f6f38849f05fb76f1e65eb48f\" class=\"ep-block-pre-text ep-block \">\n        <div class=\"pre-text\">\n            <p>Godetevi la splendida regione di Seefeld con tutti i suoi servizi. Seefeld ha molto da offrire tutto l\u2019anno, ed \u00e8 per questo che \u00e8 ugualmente una destinazione popolare per le vacanze estive e invernali. Il nostro Gasthof Batzenh\u00e4usl si trova in una posizione cos\u00ec centrale a Seefeld che potete arrivare rapidamente a piedi ovunque. Dall\u2019accogliente allo sportivo all\u2019eccitante, c\u2019\u00e8 tutto nella nostra piccola citt\u00e0.<\/p>\n\n        <\/div>\n    <\/div>\n\n\n\n<div style=\"height:100px\" aria-hidden=\"true\" class=\"wp-block-spacer\"><\/div>\n\n\n<div id=\"ep-block-text-image-block_94ae31b7a2df384decff9b4167227611\" class=\"ep-block-text-image ep-block  layout-beige image-left\">\n\n                                                                        \n        <div class=\"image-holder\" style=\"\">\n            <picture class=\"image\">\n                <source srcset=\"https:\/\/www.gasthof-seefeld.com\/wp-content\/uploads\/2016\/05\/Aperitif-im-Sommer-1024x693-560x580-c-center.jpg 1x\" media=\"(min-width: 1024px)\"\/>\n                <source srcset=\"https:\/\/www.gasthof-seefeld.com\/wp-content\/uploads\/2016\/05\/Aperitif-im-Sommer-1024x693-768x800-c-center.jpg 1x\" media=\"(min-width: 768px)\"\/>\n                <source srcset=\"https:\/\/www.gasthof-seefeld.com\/wp-content\/uploads\/2016\/05\/Aperitif-im-Sommer-1024x693-768x800-c-center.jpg 1x\" media=\"(max-width: 767px)\"\/>\n                <img decoding=\"async\" src=\"https:\/\/www.gasthof-seefeld.com\/wp-content\/uploads\/2016\/05\/Aperitif-im-Sommer-1024x693-768x800-c-center.jpg\" alt=\"Aperitif-im-Sommer-1024x693\" title=\"Aperitif-im-Sommer-1024&#215;693\"\/>\n            <\/picture>\n        <\/div>\n    \n    \n    <div class=\"text-holder\">\n        <div class=\"inner\">\n            \n                            <h2 class=\"title\">Godetevi la regione di Seefeld in vacanza<\/h2>\n            \n                            <div class=\"text\"><p>Seefeld ha molto da offrire, sia che vogliate sperimentare vacanze attive per praticare sport estivi come l\u2019escursionismo, la bicicletta, l\u2019arrampicata o le passeggiate, sia che preferiate conquistare le nostre meravigliose piste da sci di fondo o le piste da sci in inverno. Tuttavia, la nostra regione Seefeld \u00e8 anche ideale per una vacanza di piacere per due o con la famiglia.<\/p>\n<p>Godetevi il centro di Seefeld passeggiando nella piccola e graziosa zona pedonale con i suoi negozi di buon gusto, il buon cibo e le deliziose bevande negli invitanti ristoranti, bar e caff\u00e8. Se preferite conquistare le ore piccole, una serata di emozioni al casin\u00f2 \u00e8 consigliata. Non importa cosa vorresti fare di pi\u00f9 o prima. Tutto \u00e8 facilmente raggiungibile da Gasthof Batzenh\u00e4usl. Per una vacanza interamente di vostro gusto.<\/p>\n<\/div>\n            \n            \n        <\/div>\n    <\/div>\n\n    <\/div>\n\n\n<div style=\"height:100px\" aria-hidden=\"true\" class=\"wp-block-spacer\"><\/div>\n\n\n    <div id=\"ep-block-accordion-block_8f143fdb5d30f203c28d39319fc0c834\" class=\"ep-block-accordion ep-block \">\n        <div class=\"ep-accordion\">\n                            <div class=\"accordion-item\">\n                    <div class=\"accordion-title\">\n                        <span class=\"title\">\n                                                              Vacanze estive nella regione di Seefeld\n                                                     <\/span>\n                        <span class=\"icon\"><i class=\"ti-angle-down\"><\/i><\/span>\n                    <\/div>\n                    <div class=\"accordion-content has-image \">\n                        <div class=\"inner\">\n                                                            <div class=\"image-wrapper\">\n                                                                                                            \n                                                                                                                                                <picture>\n                                        <source srcset=\"https:\/\/www.gasthof-seefeld.com\/wp-content\/uploads\/2023\/04\/wanderin-bei-einer-pause-auf-der-bank-beim-aufstieg-im-puittal-mit-der-gehrenspitze-im-hintergrund-leutasch-500x500-c-center.jpg 1x\" media=\"(min-width: 1024px)\"\/>\n                                        <source srcset=\"https:\/\/www.gasthof-seefeld.com\/wp-content\/uploads\/2023\/04\/wanderin-bei-einer-pause-auf-der-bank-beim-aufstieg-im-puittal-mit-der-gehrenspitze-im-hintergrund-leutasch-500x500-c-center.jpg 1x\" media=\"(min-width: 768px)\"\/>\n                                        <source srcset=\"https:\/\/www.gasthof-seefeld.com\/wp-content\/uploads\/2023\/04\/wanderin-bei-einer-pause-auf-der-bank-beim-aufstieg-im-puittal-mit-der-gehrenspitze-im-hintergrund-leutasch-767x767-c-center.jpg 1x\" media=\"(max-width: 767px)\"\/>\n                                        <img decoding=\"async\" src=\"https:\/\/www.gasthof-seefeld.com\/wp-content\/uploads\/2023\/04\/wanderin-bei-einer-pause-auf-der-bank-beim-aufstieg-im-puittal-mit-der-gehrenspitze-im-hintergrund-leutasch-767x767-c-center.jpg\" alt=\"Wanderin bei einer Pause auf der Bank beim Aufstieg im Puittal mit der Gehrenspitze im Hintergrund - Leutasch\" title=\"Wanderin bei einer Pause auf der Bank beim Aufstieg im Puittal mit der Gehrenspitze im Hintergrund &#8211; Leutasch\"\/>\n                                    <\/picture>\n                                <\/div>\n                                                                                        <div class=\"text-wrapper\"><p>Seefeld \u00e8 perfetta per le vostre vacanze estive attive! La vasta gamma di percorsi comprende pi\u00f9 di 650 chilometri di sentieri per passeggiate ed escursioni in vari gradi di difficolt\u00e0. Il campo da golf a 9 buche di Seefeld e il premiato campo da campionato a 18 buche di Wildmoos (a pochi minuti di macchina) fanno battere il cuore di ogni golfista. Su numerosi tour attraverso l\u2019incantevole mondo alpino nella Region Seefeld, anche gli appassionati di mountain bike avranno il loro tornaconto.<\/p>\n<p>La nostra regione Seefeld fa battere il cuore di ogni sportivo anche in estate!<\/p>\n<\/div>\n                                                    <\/div>\n                    <\/div>\n                <\/div>\n                            <div class=\"accordion-item\">\n                    <div class=\"accordion-title\">\n                        <span class=\"title\">\n                                                              Vacanze invernali a Seefeld\n                                                     <\/span>\n                        <span class=\"icon\"><i class=\"ti-angle-down\"><\/i><\/span>\n                    <\/div>\n                    <div class=\"accordion-content has-image \">\n                        <div class=\"inner\">\n                                                            <div class=\"image-wrapper\">\n                                                                                                            \n                                                                                                                                                <picture>\n                                        <source srcset=\"https:\/\/www.gasthof-seefeld.com\/wp-content\/uploads\/2015\/12\/slider-batzenhaeusl-sommer-blumen-500x500-c-center.png 1x\" media=\"(min-width: 1024px)\"\/>\n                                        <source srcset=\"https:\/\/www.gasthof-seefeld.com\/wp-content\/uploads\/2015\/12\/slider-batzenhaeusl-sommer-blumen-500x500-c-center.png 1x\" media=\"(min-width: 768px)\"\/>\n                                        <source srcset=\"https:\/\/www.gasthof-seefeld.com\/wp-content\/uploads\/2015\/12\/slider-batzenhaeusl-sommer-blumen-767x767-c-center.png 1x\" media=\"(max-width: 767px)\"\/>\n                                        <img decoding=\"async\" src=\"https:\/\/www.gasthof-seefeld.com\/wp-content\/uploads\/2015\/12\/slider-batzenhaeusl-sommer-blumen-767x767-c-center.png\" alt=\"slider-batzenh\u00e4usl-sommer-blumen\" title=\"slider-batzenh\u00e4usl-sommer-blumen\"\/>\n                                    <\/picture>\n                                <\/div>\n                                                                                        <div class=\"text-wrapper\"><p>Se siete in una vacanza invernale a Seefeld, ci sono &#8211; oltre allo sci di fondo e allo snowboard &#8211; ancora numerose possibilit\u00e0 di passare il vostro tempo libero. Dallo sci alle passeggiate con le stelle, dalle escursioni con le racchette da neve alle corse con i bulli sulle piste, c&#8217;\u00e8 molto da offrire per le vostre vacanze invernali a Seefeld!<\/p>\n<h2 style=\"text-align: left;\">Divertimento invernale con numerose attivit\u00e0 nell&#8217;Region Seefeld<\/h2>\n<p style=\"text-align: left;\">Per esempio, puoi aiutare la squadra delle piste di sci di fondo di Seefeld e assicurarti che le piste siano perfettamente preparate. Oppure si pu\u00f2 fare un&#8217;escursione stellare nella neve, dove scintilla nel cielo e sulla terra. Un variopinto programma settimanale in inverno offre a voi e ai vostri cari numerose opportunit\u00e0 ogni giorno per una vacanza invernale avventurosa, emozionante, rilassante e romantica a Seefeld.<\/p>\n<h2 style=\"text-align: left;\">Cordiale e sportivo: divertimento invernale sul ghiaccio<\/h2>\n<p style=\"text-align: left;\">Qui vi portiamo sul ghiaccio, ma questo programma invernale \u00e8 anche molto divertente. Tiro con il bastone del ghiaccio! Un tempo uno sport invernale popolare, c&#8217;era praticamente una pista di curling e un club di curling in ogni villaggio. Conoscete questo sport popolare e comunicativo a Seefeld o rinfrescate i vostri ricordi di giorni ormai dimenticati! Vi sar\u00e0 data un&#8217;introduzione approfondita alla tecnica e alcune regole. In seguito si formeranno le squadre. E via al divertimento! Usa a tuo rischio e pericolo &#8211; parola chiave: ghiaccio nero. Si raccomandano buone scarpe e abbigliamento caldo.<\/p>\n<p>&nbsp;<\/p>\n<\/div>\n                                                    <\/div>\n                    <\/div>\n                <\/div>\n                    <\/div>\n    <\/div>\n\n\n\n<div style=\"height:100px\" aria-hidden=\"true\" class=\"wp-block-spacer\"><\/div>\n\n\n<div id=\"ep-block-text-image-block_31727211ab000d2e481baf056bb4da3c\" class=\"ep-block-text-image ep-block  layout-beige image-right\">\n\n    \n    \n    <div class=\"text-holder\">\n        <div class=\"inner\">\n            \n                            <h2 class=\"title\">La vostra vacanza in Austria vi porta a Seefeld?<\/h2>\n            \n                            <div class=\"text\"><p>Non importa se viaggiate con la famiglia, con il vostro migliore amico, con la vostra pi\u00f9 cara amica o da soli. Nel nostro Hotel Batzenh\u00e4usl di Seefeld troverete sicuramente ci\u00f2 che vi serve per rilassarvi. La nostra cucina semplice, la posizione privilegiata vicino al centro citt\u00e0 e la famosa ospitalit\u00e0 tirolese. Chiamateci o scriveteci la vostra richiesta di soggiorno non vincolante. Troveremo sicuramente una camera adatta ai vostri gusti.<\/p>\n<p>Avete voglia di una vacanza nella nostra bellissima regione di Seefeld? Noi vi capiamo.<\/p>\n<p>Saremo lieti di ricevere la vostra richiesta di soggiorno!<\/p>\n<\/div>\n            \n            \n                                \n                <div class=\"link-wrapper\">\n                    <a href=\"https:\/\/www.gasthof-seefeld.com\/it\/holiday-request\/\" target=\"\" title=\"Richiesta direttamente\" class=\"btn red\">\n                        Richiesta direttamente\n                    <\/a>\n                <\/div>\n            \n        <\/div>\n    <\/div>\n\n    <\/div>\n\n\n<div style=\"height:100px\" aria-hidden=\"true\" class=\"wp-block-spacer\"><\/div>\n","protected":false},"excerpt":{"rendered":"","protected":false},"author":1,"featured_media":10533,"parent":0,"menu_order":0,"comment_status":"closed","ping_status":"closed","template":"","meta":{"_acf_changed":false,"footnotes":""},"categories":[],"tags":[],"class_list":["post-1383","page","type-page","status-publish","has-post-thumbnail","hentry"],"acf":[],"yoast_head":"<!-- This site is optimized with the Yoast SEO plugin v26.1.1 - https:\/\/yoast.com\/wordpress\/plugins\/seo\/ -->\n<title>La regione di Seefeld &#187; Gasthof Batzenh\u00e4usl<\/title>\n<meta name=\"description\" content=\"\u27a4 Gasthof Batzenh\u00e4usl \u27a4 La regione di Seefeld &#187; Unvergesslichen Urlaub in Seefeld genie\u00dfen! &#187; Jetzt Preise &amp; Verf\u00fcgbarkeiten pr\u00fcfen!\" \/>\n<meta name=\"robots\" content=\"index, follow, max-snippet:-1, max-image-preview:large, max-video-preview:-1\" \/>\n<link rel=\"canonical\" href=\"https:\/\/www.gasthof-seefeld.com\/it\/regione-seefeld\/\" \/>\n<meta property=\"og:locale\" content=\"it_IT\" \/>\n<meta property=\"og:type\" content=\"article\" \/>\n<meta property=\"og:title\" content=\"La regione di Seefeld &#187; Gasthof Batzenh\u00e4usl\" \/>\n<meta property=\"og:description\" content=\"\u27a4 Gasthof Batzenh\u00e4usl \u27a4 La regione di Seefeld &#187; Unvergesslichen Urlaub in Seefeld genie\u00dfen! &#187; Jetzt Preise &amp; Verf\u00fcgbarkeiten pr\u00fcfen!\" \/>\n<meta property=\"og:url\" content=\"https:\/\/www.gasthof-seefeld.com\/it\/regione-seefeld\/\" \/>\n<meta property=\"og:site_name\" content=\"Gasthof Batzenh\u00e4usl\" \/>\n<meta property=\"article:publisher\" content=\"https:\/\/www.facebook.com\/gasthof.seefeld\/\" \/>\n<meta property=\"article:modified_time\" content=\"2026-03-21T16:37:00+00:00\" \/>\n<meta property=\"og:image\" content=\"https:\/\/www.gasthof-seefeld.com\/wp-content\/uploads\/2024\/12\/batzenhausl-aussen-sommer-headerpng.jpg\" \/>\n\t<meta property=\"og:image:width\" content=\"1920\" \/>\n\t<meta property=\"og:image:height\" content=\"960\" \/>\n\t<meta property=\"og:image:type\" content=\"image\/jpeg\" \/>\n<meta name=\"twitter:card\" content=\"summary_large_image\" \/>\n<meta name=\"twitter:label1\" content=\"Est. reading time\" \/>\n\t<meta name=\"twitter:data1\" content=\"1 minute\" \/>\n<script type=\"application\/ld+json\" class=\"yoast-schema-graph\">{\"@context\":\"https:\/\/schema.org\",\"@graph\":[{\"@type\":\"WebPage\",\"@id\":\"https:\/\/www.gasthof-seefeld.com\/it\/regione-seefeld\/\",\"url\":\"https:\/\/www.gasthof-seefeld.com\/it\/regione-seefeld\/\",\"name\":\"La regione di Seefeld &#187; Gasthof Batzenh\u00e4usl\",\"isPartOf\":{\"@id\":\"https:\/\/www.gasthof-seefeld.com\/#website\"},\"primaryImageOfPage\":{\"@id\":\"https:\/\/www.gasthof-seefeld.com\/it\/regione-seefeld\/#primaryimage\"},\"image\":{\"@id\":\"https:\/\/www.gasthof-seefeld.com\/it\/regione-seefeld\/#primaryimage\"},\"thumbnailUrl\":\"https:\/\/www.gasthof-seefeld.com\/wp-content\/uploads\/2024\/12\/batzenhausl-aussen-sommer-headerpng.jpg\",\"datePublished\":\"2015-12-04T09:06:34+00:00\",\"dateModified\":\"2026-03-21T16:37:00+00:00\",\"description\":\"\u27a4 Gasthof Batzenh\u00e4usl \u27a4 La regione di Seefeld &#187; Unvergesslichen Urlaub in Seefeld genie\u00dfen! &#187; Jetzt Preise & Verf\u00fcgbarkeiten pr\u00fcfen!\",\"breadcrumb\":{\"@id\":\"https:\/\/www.gasthof-seefeld.com\/it\/regione-seefeld\/#breadcrumb\"},\"inLanguage\":\"it-IT\",\"potentialAction\":[{\"@type\":\"ReadAction\",\"target\":[\"https:\/\/www.gasthof-seefeld.com\/it\/regione-seefeld\/\"]}]},{\"@type\":\"ImageObject\",\"inLanguage\":\"it-IT\",\"@id\":\"https:\/\/www.gasthof-seefeld.com\/it\/regione-seefeld\/#primaryimage\",\"url\":\"https:\/\/www.gasthof-seefeld.com\/wp-content\/uploads\/2024\/12\/batzenhausl-aussen-sommer-headerpng.jpg\",\"contentUrl\":\"https:\/\/www.gasthof-seefeld.com\/wp-content\/uploads\/2024\/12\/batzenhausl-aussen-sommer-headerpng.jpg\",\"width\":1920,\"height\":960},{\"@type\":\"BreadcrumbList\",\"@id\":\"https:\/\/www.gasthof-seefeld.com\/it\/regione-seefeld\/#breadcrumb\",\"itemListElement\":[{\"@type\":\"ListItem\",\"position\":1,\"name\":\"Home\",\"item\":\"https:\/\/www.gasthof-seefeld.com\/it\/\"},{\"@type\":\"ListItem\",\"position\":2,\"name\":\"La regione di Seefeld\"}]},{\"@type\":\"WebSite\",\"@id\":\"https:\/\/www.gasthof-seefeld.com\/#website\",\"url\":\"https:\/\/www.gasthof-seefeld.com\/\",\"name\":\"Gasthof Batzenh\u00e4usl\",\"description\":\"Tyrolean tradition\",\"publisher\":{\"@id\":\"https:\/\/www.gasthof-seefeld.com\/#organization\"},\"potentialAction\":[{\"@type\":\"SearchAction\",\"target\":{\"@type\":\"EntryPoint\",\"urlTemplate\":\"https:\/\/www.gasthof-seefeld.com\/?s={search_term_string}\"},\"query-input\":{\"@type\":\"PropertyValueSpecification\",\"valueRequired\":true,\"valueName\":\"search_term_string\"}}],\"inLanguage\":\"it-IT\"},{\"@type\":\"Organization\",\"@id\":\"https:\/\/www.gasthof-seefeld.com\/#organization\",\"name\":\"Gasthof Seefeld Batzenh\u00e4usl\",\"url\":\"https:\/\/www.gasthof-seefeld.com\/\",\"logo\":{\"@type\":\"ImageObject\",\"inLanguage\":\"it-IT\",\"@id\":\"https:\/\/www.gasthof-seefeld.com\/#\/schema\/logo\/image\/\",\"url\":\"https:\/\/www.gasthof-seefeld.com\/wp-content\/uploads\/2019\/07\/gasthof-seefeld-logo.jpg\",\"contentUrl\":\"https:\/\/www.gasthof-seefeld.com\/wp-content\/uploads\/2019\/07\/gasthof-seefeld-logo.jpg\",\"width\":1200,\"height\":627,\"caption\":\"Gasthof Seefeld Batzenh\u00e4usl\"},\"image\":{\"@id\":\"https:\/\/www.gasthof-seefeld.com\/#\/schema\/logo\/image\/\"},\"sameAs\":[\"https:\/\/www.facebook.com\/gasthof.seefeld\/\",\"https:\/\/www.instagram.com\/kaltschmid.hotels.seefeld\/\",\"https:\/\/www.youtube.com\/user\/KaltschmidSeefeld\"]}]}<\/script>\n<!-- \/ Yoast SEO plugin. -->","yoast_head_json":{"title":"La regione di Seefeld &#187; Gasthof Batzenh\u00e4usl","description":"\u27a4 Gasthof Batzenh\u00e4usl \u27a4 La regione di Seefeld &#187; Unvergesslichen Urlaub in Seefeld genie\u00dfen! &#187; Jetzt Preise & Verf\u00fcgbarkeiten pr\u00fcfen!","robots":{"index":"index","follow":"follow","max-snippet":"max-snippet:-1","max-image-preview":"max-image-preview:large","max-video-preview":"max-video-preview:-1"},"canonical":"https:\/\/www.gasthof-seefeld.com\/it\/regione-seefeld\/","og_locale":"it_IT","og_type":"article","og_title":"La regione di Seefeld &#187; Gasthof Batzenh\u00e4usl","og_description":"\u27a4 Gasthof Batzenh\u00e4usl \u27a4 La regione di Seefeld &#187; Unvergesslichen Urlaub in Seefeld genie\u00dfen! &#187; Jetzt Preise & Verf\u00fcgbarkeiten pr\u00fcfen!","og_url":"https:\/\/www.gasthof-seefeld.com\/it\/regione-seefeld\/","og_site_name":"Gasthof Batzenh\u00e4usl","article_publisher":"https:\/\/www.facebook.com\/gasthof.seefeld\/","article_modified_time":"2026-03-21T16:37:00+00:00","og_image":[{"width":1920,"height":960,"url":"https:\/\/www.gasthof-seefeld.com\/wp-content\/uploads\/2024\/12\/batzenhausl-aussen-sommer-headerpng.jpg","type":"image\/jpeg"}],"twitter_card":"summary_large_image","twitter_misc":{"Est. reading time":"1 minute"},"schema":{"@context":"https:\/\/schema.org","@graph":[{"@type":"WebPage","@id":"https:\/\/www.gasthof-seefeld.com\/it\/regione-seefeld\/","url":"https:\/\/www.gasthof-seefeld.com\/it\/regione-seefeld\/","name":"La regione di Seefeld &#187; Gasthof Batzenh\u00e4usl","isPartOf":{"@id":"https:\/\/www.gasthof-seefeld.com\/#website"},"primaryImageOfPage":{"@id":"https:\/\/www.gasthof-seefeld.com\/it\/regione-seefeld\/#primaryimage"},"image":{"@id":"https:\/\/www.gasthof-seefeld.com\/it\/regione-seefeld\/#primaryimage"},"thumbnailUrl":"https:\/\/www.gasthof-seefeld.com\/wp-content\/uploads\/2024\/12\/batzenhausl-aussen-sommer-headerpng.jpg","datePublished":"2015-12-04T09:06:34+00:00","dateModified":"2026-03-21T16:37:00+00:00","description":"\u27a4 Gasthof Batzenh\u00e4usl \u27a4 La regione di Seefeld &#187; Unvergesslichen Urlaub in Seefeld genie\u00dfen! &#187; Jetzt Preise & Verf\u00fcgbarkeiten pr\u00fcfen!","breadcrumb":{"@id":"https:\/\/www.gasthof-seefeld.com\/it\/regione-seefeld\/#breadcrumb"},"inLanguage":"it-IT","potentialAction":[{"@type":"ReadAction","target":["https:\/\/www.gasthof-seefeld.com\/it\/regione-seefeld\/"]}]},{"@type":"ImageObject","inLanguage":"it-IT","@id":"https:\/\/www.gasthof-seefeld.com\/it\/regione-seefeld\/#primaryimage","url":"https:\/\/www.gasthof-seefeld.com\/wp-content\/uploads\/2024\/12\/batzenhausl-aussen-sommer-headerpng.jpg","contentUrl":"https:\/\/www.gasthof-seefeld.com\/wp-content\/uploads\/2024\/12\/batzenhausl-aussen-sommer-headerpng.jpg","width":1920,"height":960},{"@type":"BreadcrumbList","@id":"https:\/\/www.gasthof-seefeld.com\/it\/regione-seefeld\/#breadcrumb","itemListElement":[{"@type":"ListItem","position":1,"name":"Home","item":"https:\/\/www.gasthof-seefeld.com\/it\/"},{"@type":"ListItem","position":2,"name":"La regione di Seefeld"}]},{"@type":"WebSite","@id":"https:\/\/www.gasthof-seefeld.com\/#website","url":"https:\/\/www.gasthof-seefeld.com\/","name":"Gasthof Batzenh\u00e4usl","description":"Tyrolean tradition","publisher":{"@id":"https:\/\/www.gasthof-seefeld.com\/#organization"},"potentialAction":[{"@type":"SearchAction","target":{"@type":"EntryPoint","urlTemplate":"https:\/\/www.gasthof-seefeld.com\/?s={search_term_string}"},"query-input":{"@type":"PropertyValueSpecification","valueRequired":true,"valueName":"search_term_string"}}],"inLanguage":"it-IT"},{"@type":"Organization","@id":"https:\/\/www.gasthof-seefeld.com\/#organization","name":"Gasthof Seefeld Batzenh\u00e4usl","url":"https:\/\/www.gasthof-seefeld.com\/","logo":{"@type":"ImageObject","inLanguage":"it-IT","@id":"https:\/\/www.gasthof-seefeld.com\/#\/schema\/logo\/image\/","url":"https:\/\/www.gasthof-seefeld.com\/wp-content\/uploads\/2019\/07\/gasthof-seefeld-logo.jpg","contentUrl":"https:\/\/www.gasthof-seefeld.com\/wp-content\/uploads\/2019\/07\/gasthof-seefeld-logo.jpg","width":1200,"height":627,"caption":"Gasthof Seefeld Batzenh\u00e4usl"},"image":{"@id":"https:\/\/www.gasthof-seefeld.com\/#\/schema\/logo\/image\/"},"sameAs":["https:\/\/www.facebook.com\/gasthof.seefeld\/","https:\/\/www.instagram.com\/kaltschmid.hotels.seefeld\/","https:\/\/www.youtube.com\/user\/KaltschmidSeefeld"]}]}},"_links":{"self":[{"href":"https:\/\/www.gasthof-seefeld.com\/it\/wp-json\/wp\/v2\/pages\/1383","targetHints":{"allow":["GET"]}}],"collection":[{"href":"https:\/\/www.gasthof-seefeld.com\/it\/wp-json\/wp\/v2\/pages"}],"about":[{"href":"https:\/\/www.gasthof-seefeld.com\/it\/wp-json\/wp\/v2\/types\/page"}],"author":[{"embeddable":true,"href":"https:\/\/www.gasthof-seefeld.com\/it\/wp-json\/wp\/v2\/users\/1"}],"replies":[{"embeddable":true,"href":"https:\/\/www.gasthof-seefeld.com\/it\/wp-json\/wp\/v2\/comments?post=1383"}],"version-history":[{"count":40,"href":"https:\/\/www.gasthof-seefeld.com\/it\/wp-json\/wp\/v2\/pages\/1383\/revisions"}],"predecessor-version":[{"id":11088,"href":"https:\/\/www.gasthof-seefeld.com\/it\/wp-json\/wp\/v2\/pages\/1383\/revisions\/11088"}],"wp:featuredmedia":[{"embeddable":true,"href":"https:\/\/www.gasthof-seefeld.com\/it\/wp-json\/wp\/v2\/media\/10533"}],"wp:attachment":[{"href":"https:\/\/www.gasthof-seefeld.com\/it\/wp-json\/wp\/v2\/media?parent=1383"}],"wp:term":[{"taxonomy":"category","embeddable":true,"href":"https:\/\/www.gasthof-seefeld.com\/it\/wp-json\/wp\/v2\/categories?post=1383"},{"taxonomy":"post_tag","embeddable":true,"href":"https:\/\/www.gasthof-seefeld.com\/it\/wp-json\/wp\/v2\/tags?post=1383"}],"curies":[{"name":"wp","href":"https:\/\/api.w.org\/{rel}","templated":true}]}}