{"id":1395,"date":"2015-12-03T16:11:52","date_gmt":"2015-12-03T15:11:52","guid":{"rendered":"https:\/\/www.gasthof-seefeld.com\/it\/ankommen\/wissenswertes\/"},"modified":"2025-08-14T10:42:08","modified_gmt":"2025-08-14T08:42:08","slug":"informazioni","status":"publish","type":"page","link":"https:\/\/www.gasthof-seefeld.com\/it\/informazioni\/","title":{"rendered":"Informazioni"},"content":{"rendered":"\n<div style=\"height:100px\" aria-hidden=\"true\" class=\"wp-block-spacer\"><\/div>\n\n\n    <div id=\"ep-block-pre-text-block_d51b6baabf18839dec37999c2123c425\" class=\"ep-block-pre-text ep-block \">\n        <div class=\"pre-text\">\n            <p>Pi\u00f9 velocemente si trova la strada in un hotel, prima inizia la vacanza. Abbiamo riassunto per voi tutto quello che vale la pena sapere sul nostro Gasthof Batzenh\u00e4usl. In modo che la vostra vacanza inizi gi\u00e0 dalla porta d\u2019ingresso. E se vi manca ancora qualche informazione, non esitate a chiamarci o a chiedere alla reception.<\/p>\n\n        <\/div>\n    <\/div>\n\n\n\n<div style=\"height:100px\" aria-hidden=\"true\" class=\"wp-block-spacer\"><\/div>\n\n\n<div id=\"ep-block-text-image-block_6123284d5fbe5846caad1dcdc2d05074\" class=\"ep-block-text-image ep-block  layout-beige image-left\">\n\n                                                                        \n        <div class=\"image-holder\" style=\"\">\n            <picture class=\"image\">\n                <source srcset=\"https:\/\/www.gasthof-seefeld.com\/wp-content\/uploads\/2024\/08\/gasthof-batzenhaeusl-560x580-c-center.png 1x\" media=\"(min-width: 1024px)\"\/>\n                <source srcset=\"https:\/\/www.gasthof-seefeld.com\/wp-content\/uploads\/2024\/08\/gasthof-batzenhaeusl-768x800-c-center.png 1x\" media=\"(min-width: 768px)\"\/>\n                <source srcset=\"https:\/\/www.gasthof-seefeld.com\/wp-content\/uploads\/2024\/08\/gasthof-batzenhaeusl-768x800-c-center.png 1x\" media=\"(max-width: 767px)\"\/>\n                <img decoding=\"async\" src=\"https:\/\/www.gasthof-seefeld.com\/wp-content\/uploads\/2024\/08\/gasthof-batzenhaeusl-768x800-c-center.png\" alt=\"\" title=\"gasthof-batzenhaeusl\"\/>\n            <\/picture>\n        <\/div>\n    \n    \n    <div class=\"text-holder\">\n        <div class=\"inner\">\n            \n                            <h2 class=\"title\">Tutto intorno alla prenotazione delle vostre vacanze<\/h2>\n            \n                            <div class=\"text\"><p>Per le vostre vacanze nel nostro Gasthof Batzenh\u00e4usl a Seefeld potete scegliere i seguenti tipi di pensione al momento della prenotazione:<\/p>\n<ul>\n<li>Pernottamento con colazione<\/li>\n<li>Pernottamento senza pensione<\/li>\n<\/ul>\n<\/div>\n            \n            \n        <\/div>\n    <\/div>\n\n    <\/div>\n\n\n<div style=\"height:100px\" aria-hidden=\"true\" class=\"wp-block-spacer\"><\/div>\n\n\n    <div id=\"ep-block-accordion-block_dc7166ef21b19c5c28246115c7f699fd\" class=\"ep-block-accordion ep-block \">\n        <div class=\"ep-accordion\">\n                            <div class=\"accordion-item\">\n                    <div class=\"accordion-title\">\n                        <span class=\"title\">\n                                                              Prenotazione senza pensione\n                                                     <\/span>\n                        <span class=\"icon\"><i class=\"ti-angle-down\"><\/i><\/span>\n                    <\/div>\n                    <div class=\"accordion-content has-no-image \">\n                        <div class=\"inner\">\n                                                                                        <div class=\"text-wrapper\"><p><strong>Se prenotate la camera senza pensione, un cambiamento in camera con colazione \u00e8 possibile solo sul posto dopo consultazione!<\/strong><\/p>\n<p>Godetevi la nostra cucina semplice e le specialit\u00e0 tirolesi.<\/p>\n<\/div>\n                                                    <\/div>\n                    <\/div>\n                <\/div>\n                            <div class=\"accordion-item\">\n                    <div class=\"accordion-title\">\n                        <span class=\"title\">\n                                                              Minimo e supplementi\n                                                     <\/span>\n                        <span class=\"icon\"><i class=\"ti-angle-down\"><\/i><\/span>\n                    <\/div>\n                    <div class=\"accordion-content has-no-image \">\n                        <div class=\"inner\">\n                                                                                        <div class=\"text-wrapper\"><p>Per quanto riguarda soggiorno minimo e costi di cancellazione, vi preghiamo di consultare\u00a0<a href=\"https:\/\/www.gasthof-seefeld.com\/it\/termini-e-condizioni\/\">termini e CONDIZIONI<\/a>.<\/p>\n<\/div>\n                                                    <\/div>\n                    <\/div>\n                <\/div>\n                            <div class=\"accordion-item\">\n                    <div class=\"accordion-title\">\n                        <span class=\"title\">\n                                                              I Nostri Orari\n                                                     <\/span>\n                        <span class=\"icon\"><i class=\"ti-angle-down\"><\/i><\/span>\n                    <\/div>\n                    <div class=\"accordion-content has-no-image \">\n                        <div class=\"inner\">\n                                                                                        <div class=\"text-wrapper\"><ul>\n<li>Colazione: 08:00 \u2013 10:00<\/li>\n<li>Cena: 18:00 \u2013 20:00<\/li>\n<\/ul>\n<\/div>\n                                                    <\/div>\n                    <\/div>\n                <\/div>\n                            <div class=\"accordion-item\">\n                    <div class=\"accordion-title\">\n                        <span class=\"title\">\n                                                              Ristorante\n                                                     <\/span>\n                        <span class=\"icon\"><i class=\"ti-angle-down\"><\/i><\/span>\n                    <\/div>\n                    <div class=\"accordion-content has-no-image \">\n                        <div class=\"inner\">\n                                                                                        <div class=\"text-wrapper\"><p>Il nostro ristorante e la terrazza al sole sono aperti in inverno\u00a0<strong>tutti i giorni dalle ore 11:00<\/strong>. Il nostro team di cucina sar\u00e0 pronto per voi a partire dalle 12:00, facendo oscillare pentole e padelle.<\/p>\n<p>&nbsp;<\/p>\n<\/div>\n                                                    <\/div>\n                    <\/div>\n                <\/div>\n                            <div class=\"accordion-item\">\n                    <div class=\"accordion-title\">\n                        <span class=\"title\">\n                                                              Musica e balli tradizionali\n                                                     <\/span>\n                        <span class=\"icon\"><i class=\"ti-angle-down\"><\/i><\/span>\n                    <\/div>\n                    <div class=\"accordion-content has-no-image \">\n                        <div class=\"inner\">\n                                                                                        <div class=\"text-wrapper\"><ul>\n<li>In estate, con il bel tempo: Brunch con accompagnamento musicale dalle 11:00 alle 13:00 sulla terrazza<\/li>\n<\/ul>\n<\/div>\n                                                    <\/div>\n                    <\/div>\n                <\/div>\n                            <div class=\"accordion-item\">\n                    <div class=\"accordion-title\">\n                        <span class=\"title\">\n                                                              Accettiamo i seguenti mezzi di pagamento\n                                                     <\/span>\n                        <span class=\"icon\"><i class=\"ti-angle-down\"><\/i><\/span>\n                    <\/div>\n                    <div class=\"accordion-content has-no-image \">\n                        <div class=\"inner\">\n                                                                                        <div class=\"text-wrapper\"><p>Contanti, pagamento online con carta EC (A, D, NL), Amex, Mastercard, Visa. Per ulteriori informazioni sulle spese di cancellazione, sul soggiorno minimo e sui supplementi, consultare le nostre <a href=\"https:\/\/www.gasthof-seefeld.com\/it\/termini-e-condizioni\/\">CGC<\/a>.<\/p>\n<\/div>\n                                                    <\/div>\n                    <\/div>\n                <\/div>\n                            <div class=\"accordion-item\">\n                    <div class=\"accordion-title\">\n                        <span class=\"title\">\n                                                              Ulteriori servizi inclusi\n                                                     <\/span>\n                        <span class=\"icon\"><i class=\"ti-angle-down\"><\/i><\/span>\n                    <\/div>\n                    <div class=\"accordion-content has-no-image \">\n                        <div class=\"inner\">\n                                                                                        <div class=\"text-wrapper\"><ul>\n<li>WLAN nella reception e nelle camere<\/li>\n<\/ul>\n<\/div>\n                                                    <\/div>\n                    <\/div>\n                <\/div>\n                            <div class=\"accordion-item\">\n                    <div class=\"accordion-title\">\n                        <span class=\"title\">\n                                                              Parcheggio\n                                                     <\/span>\n                        <span class=\"icon\"><i class=\"ti-angle-down\"><\/i><\/span>\n                    <\/div>\n                    <div class=\"accordion-content has-no-image \">\n                        <div class=\"inner\">\n                                                                                        <div class=\"text-wrapper\"><p>Puoi andare direttamente al Batzenh\u00e4usl per il carico e lo scarico. Tuttavia, poich\u00e9 il nostro Gasthof Batzenh\u00e4usl si trova direttamente sulla zona pedonale, non \u00e8 possibile parcheggiare sul posto.<\/p>\n<p>Siete invitati a parcheggiare l\u2019auto in uno dei nostri hotel affiliati (a circa 5 minuti di distanza). Al momento del check-in vi informiamo su dove si trovano esattamente i parcheggi.<\/p>\n<p><strong>Parcheggio soggetto a disponibilit\u00e0!<\/strong><\/p>\n<\/div>\n                                                    <\/div>\n                    <\/div>\n                <\/div>\n                            <div class=\"accordion-item\">\n                    <div class=\"accordion-title\">\n                        <span class=\"title\">\n                                                              Cani\n                                                     <\/span>\n                        <span class=\"icon\"><i class=\"ti-angle-down\"><\/i><\/span>\n                    <\/div>\n                    <div class=\"accordion-content has-no-image \">\n                        <div class=\"inner\">\n                                                                                        <div class=\"text-wrapper\"><p>Portare il vostro cane con voi \u00e8 possibile dopo un accordo con la nostra struttura. Tuttavia vi segnaliamo che, per motivi igienici, accettiamo cani solo nella hall e nel a la carte ristorante. \u00a0i cani non sono ammessi in sala da pranzo. Vi ringraziamo per la comprensione. Costo: 12 EURO per cane al giorno.<\/p>\n<\/div>\n                                                    <\/div>\n                    <\/div>\n                <\/div>\n                    <\/div>\n    <\/div>\n\n\n\n<div style=\"height:100px\" aria-hidden=\"true\" class=\"wp-block-spacer\"><\/div>\n\n\n\n<h2 class=\"wp-block-heading\">Informazioni importanti per l\u2019arrivo e la partenza<\/h2>\n\n\n    <div id=\"ep-block-accordion-block_9d9da67abe0b4ce1b7f2a093d98731f0\" class=\"ep-block-accordion ep-block \">\n        <div class=\"ep-accordion\">\n                            <div class=\"accordion-item\">\n                    <div class=\"accordion-title\">\n                        <span class=\"title\">\n                                                              Check-in\n                                                     <\/span>\n                        <span class=\"icon\"><i class=\"ti-angle-down\"><\/i><\/span>\n                    <\/div>\n                    <div class=\"accordion-content has-no-image \">\n                        <div class=\"inner\">\n                                                                                        <div class=\"text-wrapper\"><p>Il giorno\u00a0dell\u2019arrivo, la camera \u00e8 disponibile dalle<strong>\u00a0ore 15.00\u00a0e chiediamo un arrivo fino alle 20.00. Dalle 20.00 in poi le porte sono chiuse!<\/strong><\/p>\n<\/div>\n                                                    <\/div>\n                    <\/div>\n                <\/div>\n                            <div class=\"accordion-item\">\n                    <div class=\"accordion-title\">\n                        <span class=\"title\">\n                                                              Check-out\n                                                     <\/span>\n                        <span class=\"icon\"><i class=\"ti-angle-down\"><\/i><\/span>\n                    <\/div>\n                    <div class=\"accordion-content has-no-image \">\n                        <div class=\"inner\">\n                                                                                        <div class=\"text-wrapper\"><p>Dal giorno della partenza\u00a0<strong>il check-out si effettua tra le 8:00 e le 11:00.<\/strong><br \/>\nAl fine di essere in grado di fornire i seguenti ospiti con la camera in tempo utile, vi chiediamo gentilmente di rilasciare la camera entro e non oltre le 11:00.<\/p>\n<\/div>\n                                                    <\/div>\n                    <\/div>\n                <\/div>\n                    <\/div>\n    <\/div>\n\n\n\n<div style=\"height:100px\" aria-hidden=\"true\" class=\"wp-block-spacer\"><\/div>\n\n\n<div id=\"ep-block-text-image-block_9074cd06090e3a932809d6f82cba79c1\" class=\"ep-block-text-image ep-block  layout-beige image-right\">\n\n                                                                        \n        <div class=\"image-holder\" style=\"\">\n            <picture class=\"image\">\n                <source srcset=\"https:\/\/www.gasthof-seefeld.com\/wp-content\/uploads\/2022\/10\/terrasse-3062-web-560x580-c-center.jpg 1x\" media=\"(min-width: 1024px)\"\/>\n                <source srcset=\"https:\/\/www.gasthof-seefeld.com\/wp-content\/uploads\/2022\/10\/terrasse-3062-web-768x800-c-center.jpg 1x\" media=\"(min-width: 768px)\"\/>\n                <source srcset=\"https:\/\/www.gasthof-seefeld.com\/wp-content\/uploads\/2022\/10\/terrasse-3062-web-768x800-c-center.jpg 1x\" media=\"(max-width: 767px)\"\/>\n                <img decoding=\"async\" src=\"https:\/\/www.gasthof-seefeld.com\/wp-content\/uploads\/2022\/10\/terrasse-3062-web-768x800-c-center.jpg\" alt=\"\" title=\"Terrasse-3062-web\"\/>\n            <\/picture>\n        <\/div>\n    \n    \n    <div class=\"text-holder\">\n        <div class=\"inner\">\n            \n                            <h2 class=\"title\">Per ulteriori domande e desideri<\/h2>\n            \n                            <div class=\"text\"><p>Se avete altre domande o richieste, non esitate a contattare la nostra reception.<\/p>\n<p><strong>Non vediamo l\u2019ora di darvi il benvenuto a Seefeld!<\/strong><\/p>\n<\/div>\n            \n            \n                                \n                <div class=\"link-wrapper\">\n                    <a href=\"https:\/\/www.gasthof-seefeld.com\/it\/holiday-request\/\" target=\"\" title=\"Richiesta direttamente\" class=\"btn red\">\n                        Richiesta direttamente\n                    <\/a>\n                <\/div>\n            \n        <\/div>\n    <\/div>\n\n    <\/div>\n\n\n<div style=\"height:100px\" aria-hidden=\"true\" class=\"wp-block-spacer\"><\/div>\n","protected":false},"excerpt":{"rendered":"Informazioni importanti per l\u2019arrivo e la partenza","protected":false},"author":1,"featured_media":6747,"parent":0,"menu_order":0,"comment_status":"closed","ping_status":"closed","template":"","meta":{"_acf_changed":false,"footnotes":""},"categories":[],"tags":[],"class_list":["post-1395","page","type-page","status-publish","has-post-thumbnail","hentry"],"acf":[],"yoast_head":"<!-- This site is optimized with the Yoast SEO plugin v26.1.1 - https:\/\/yoast.com\/wordpress\/plugins\/seo\/ -->\n<title>Informazioni &#187; Gasthof Batzenh\u00e4usl<\/title>\n<meta name=\"description\" content=\"\u27a4 Gasthof Batzenh\u00e4usl \u27a4 Informazioni &#187; Unvergesslichen Urlaub in Seefeld genie\u00dfen! &#187; Jetzt Preise &amp; Verf\u00fcgbarkeiten pr\u00fcfen!\" \/>\n<meta name=\"robots\" content=\"noindex, follow\" \/>\n<meta property=\"og:locale\" content=\"it_IT\" \/>\n<meta property=\"og:type\" content=\"article\" \/>\n<meta property=\"og:title\" content=\"Informazioni &#187; Gasthof Batzenh\u00e4usl\" \/>\n<meta property=\"og:description\" content=\"\u27a4 Gasthof Batzenh\u00e4usl \u27a4 Informazioni &#187; Unvergesslichen Urlaub in Seefeld genie\u00dfen! &#187; Jetzt Preise &amp; Verf\u00fcgbarkeiten pr\u00fcfen!\" \/>\n<meta property=\"og:url\" content=\"https:\/\/www.gasthof-seefeld.com\/it\/informazioni\/\" \/>\n<meta property=\"og:site_name\" content=\"Gasthof Batzenh\u00e4usl\" \/>\n<meta property=\"article:publisher\" content=\"https:\/\/www.facebook.com\/gasthof.seefeld\/\" \/>\n<meta property=\"article:modified_time\" content=\"2025-08-14T08:42:08+00:00\" \/>\n<meta property=\"og:image\" content=\"https:\/\/www.gasthof-seefeld.com\/wp-content\/uploads\/2021\/08\/gbh-batzenhaeusl-seefeld-preisliste.png\" \/>\n\t<meta property=\"og:image:width\" content=\"1920\" \/>\n\t<meta property=\"og:image:height\" content=\"960\" \/>\n\t<meta property=\"og:image:type\" content=\"image\/png\" \/>\n<meta name=\"twitter:card\" content=\"summary_large_image\" \/>\n<meta name=\"twitter:label1\" content=\"Est. reading time\" \/>\n\t<meta name=\"twitter:data1\" content=\"1 minute\" \/>\n<script type=\"application\/ld+json\" class=\"yoast-schema-graph\">{\"@context\":\"https:\/\/schema.org\",\"@graph\":[{\"@type\":\"WebPage\",\"@id\":\"https:\/\/www.gasthof-seefeld.com\/it\/informazioni\/\",\"url\":\"https:\/\/www.gasthof-seefeld.com\/it\/informazioni\/\",\"name\":\"Informazioni &#187; Gasthof Batzenh\u00e4usl\",\"isPartOf\":{\"@id\":\"https:\/\/www.gasthof-seefeld.com\/#website\"},\"primaryImageOfPage\":{\"@id\":\"https:\/\/www.gasthof-seefeld.com\/it\/informazioni\/#primaryimage\"},\"image\":{\"@id\":\"https:\/\/www.gasthof-seefeld.com\/it\/informazioni\/#primaryimage\"},\"thumbnailUrl\":\"https:\/\/www.gasthof-seefeld.com\/wp-content\/uploads\/2021\/08\/gbh-batzenhaeusl-seefeld-preisliste.png\",\"datePublished\":\"2015-12-03T15:11:52+00:00\",\"dateModified\":\"2025-08-14T08:42:08+00:00\",\"description\":\"\u27a4 Gasthof Batzenh\u00e4usl \u27a4 Informazioni &#187; Unvergesslichen Urlaub in Seefeld genie\u00dfen! &#187; Jetzt Preise & Verf\u00fcgbarkeiten pr\u00fcfen!\",\"breadcrumb\":{\"@id\":\"https:\/\/www.gasthof-seefeld.com\/it\/informazioni\/#breadcrumb\"},\"inLanguage\":\"it-IT\",\"potentialAction\":[{\"@type\":\"ReadAction\",\"target\":[\"https:\/\/www.gasthof-seefeld.com\/it\/informazioni\/\"]}]},{\"@type\":\"ImageObject\",\"inLanguage\":\"it-IT\",\"@id\":\"https:\/\/www.gasthof-seefeld.com\/it\/informazioni\/#primaryimage\",\"url\":\"https:\/\/www.gasthof-seefeld.com\/wp-content\/uploads\/2021\/08\/gbh-batzenhaeusl-seefeld-preisliste.png\",\"contentUrl\":\"https:\/\/www.gasthof-seefeld.com\/wp-content\/uploads\/2021\/08\/gbh-batzenhaeusl-seefeld-preisliste.png\",\"width\":1920,\"height\":960,\"caption\":\"GBH_Batzenh\u00e4usl Seefeld_preisliste\"},{\"@type\":\"BreadcrumbList\",\"@id\":\"https:\/\/www.gasthof-seefeld.com\/it\/informazioni\/#breadcrumb\",\"itemListElement\":[{\"@type\":\"ListItem\",\"position\":1,\"name\":\"Home\",\"item\":\"https:\/\/www.gasthof-seefeld.com\/it\/\"},{\"@type\":\"ListItem\",\"position\":2,\"name\":\"Informazioni\"}]},{\"@type\":\"WebSite\",\"@id\":\"https:\/\/www.gasthof-seefeld.com\/#website\",\"url\":\"https:\/\/www.gasthof-seefeld.com\/\",\"name\":\"Gasthof Batzenh\u00e4usl\",\"description\":\"Tyrolean tradition\",\"publisher\":{\"@id\":\"https:\/\/www.gasthof-seefeld.com\/#organization\"},\"potentialAction\":[{\"@type\":\"SearchAction\",\"target\":{\"@type\":\"EntryPoint\",\"urlTemplate\":\"https:\/\/www.gasthof-seefeld.com\/?s={search_term_string}\"},\"query-input\":{\"@type\":\"PropertyValueSpecification\",\"valueRequired\":true,\"valueName\":\"search_term_string\"}}],\"inLanguage\":\"it-IT\"},{\"@type\":\"Organization\",\"@id\":\"https:\/\/www.gasthof-seefeld.com\/#organization\",\"name\":\"Gasthof Seefeld Batzenh\u00e4usl\",\"url\":\"https:\/\/www.gasthof-seefeld.com\/\",\"logo\":{\"@type\":\"ImageObject\",\"inLanguage\":\"it-IT\",\"@id\":\"https:\/\/www.gasthof-seefeld.com\/#\/schema\/logo\/image\/\",\"url\":\"https:\/\/www.gasthof-seefeld.com\/wp-content\/uploads\/2019\/07\/gasthof-seefeld-logo.jpg\",\"contentUrl\":\"https:\/\/www.gasthof-seefeld.com\/wp-content\/uploads\/2019\/07\/gasthof-seefeld-logo.jpg\",\"width\":1200,\"height\":627,\"caption\":\"Gasthof Seefeld Batzenh\u00e4usl\"},\"image\":{\"@id\":\"https:\/\/www.gasthof-seefeld.com\/#\/schema\/logo\/image\/\"},\"sameAs\":[\"https:\/\/www.facebook.com\/gasthof.seefeld\/\",\"https:\/\/www.instagram.com\/kaltschmid.hotels.seefeld\/\",\"https:\/\/www.youtube.com\/user\/KaltschmidSeefeld\"]}]}<\/script>\n<!-- \/ Yoast SEO plugin. -->","yoast_head_json":{"title":"Informazioni &#187; Gasthof Batzenh\u00e4usl","description":"\u27a4 Gasthof Batzenh\u00e4usl \u27a4 Informazioni &#187; Unvergesslichen Urlaub in Seefeld genie\u00dfen! &#187; Jetzt Preise & Verf\u00fcgbarkeiten pr\u00fcfen!","robots":{"index":"noindex","follow":"follow"},"og_locale":"it_IT","og_type":"article","og_title":"Informazioni &#187; Gasthof Batzenh\u00e4usl","og_description":"\u27a4 Gasthof Batzenh\u00e4usl \u27a4 Informazioni &#187; Unvergesslichen Urlaub in Seefeld genie\u00dfen! &#187; Jetzt Preise & Verf\u00fcgbarkeiten pr\u00fcfen!","og_url":"https:\/\/www.gasthof-seefeld.com\/it\/informazioni\/","og_site_name":"Gasthof Batzenh\u00e4usl","article_publisher":"https:\/\/www.facebook.com\/gasthof.seefeld\/","article_modified_time":"2025-08-14T08:42:08+00:00","og_image":[{"width":1920,"height":960,"url":"https:\/\/www.gasthof-seefeld.com\/wp-content\/uploads\/2021\/08\/gbh-batzenhaeusl-seefeld-preisliste.png","type":"image\/png"}],"twitter_card":"summary_large_image","twitter_misc":{"Est. reading time":"1 minute"},"schema":{"@context":"https:\/\/schema.org","@graph":[{"@type":"WebPage","@id":"https:\/\/www.gasthof-seefeld.com\/it\/informazioni\/","url":"https:\/\/www.gasthof-seefeld.com\/it\/informazioni\/","name":"Informazioni &#187; Gasthof Batzenh\u00e4usl","isPartOf":{"@id":"https:\/\/www.gasthof-seefeld.com\/#website"},"primaryImageOfPage":{"@id":"https:\/\/www.gasthof-seefeld.com\/it\/informazioni\/#primaryimage"},"image":{"@id":"https:\/\/www.gasthof-seefeld.com\/it\/informazioni\/#primaryimage"},"thumbnailUrl":"https:\/\/www.gasthof-seefeld.com\/wp-content\/uploads\/2021\/08\/gbh-batzenhaeusl-seefeld-preisliste.png","datePublished":"2015-12-03T15:11:52+00:00","dateModified":"2025-08-14T08:42:08+00:00","description":"\u27a4 Gasthof Batzenh\u00e4usl \u27a4 Informazioni &#187; Unvergesslichen Urlaub in Seefeld genie\u00dfen! &#187; Jetzt Preise & Verf\u00fcgbarkeiten pr\u00fcfen!","breadcrumb":{"@id":"https:\/\/www.gasthof-seefeld.com\/it\/informazioni\/#breadcrumb"},"inLanguage":"it-IT","potentialAction":[{"@type":"ReadAction","target":["https:\/\/www.gasthof-seefeld.com\/it\/informazioni\/"]}]},{"@type":"ImageObject","inLanguage":"it-IT","@id":"https:\/\/www.gasthof-seefeld.com\/it\/informazioni\/#primaryimage","url":"https:\/\/www.gasthof-seefeld.com\/wp-content\/uploads\/2021\/08\/gbh-batzenhaeusl-seefeld-preisliste.png","contentUrl":"https:\/\/www.gasthof-seefeld.com\/wp-content\/uploads\/2021\/08\/gbh-batzenhaeusl-seefeld-preisliste.png","width":1920,"height":960,"caption":"GBH_Batzenh\u00e4usl Seefeld_preisliste"},{"@type":"BreadcrumbList","@id":"https:\/\/www.gasthof-seefeld.com\/it\/informazioni\/#breadcrumb","itemListElement":[{"@type":"ListItem","position":1,"name":"Home","item":"https:\/\/www.gasthof-seefeld.com\/it\/"},{"@type":"ListItem","position":2,"name":"Informazioni"}]},{"@type":"WebSite","@id":"https:\/\/www.gasthof-seefeld.com\/#website","url":"https:\/\/www.gasthof-seefeld.com\/","name":"Gasthof Batzenh\u00e4usl","description":"Tyrolean tradition","publisher":{"@id":"https:\/\/www.gasthof-seefeld.com\/#organization"},"potentialAction":[{"@type":"SearchAction","target":{"@type":"EntryPoint","urlTemplate":"https:\/\/www.gasthof-seefeld.com\/?s={search_term_string}"},"query-input":{"@type":"PropertyValueSpecification","valueRequired":true,"valueName":"search_term_string"}}],"inLanguage":"it-IT"},{"@type":"Organization","@id":"https:\/\/www.gasthof-seefeld.com\/#organization","name":"Gasthof Seefeld Batzenh\u00e4usl","url":"https:\/\/www.gasthof-seefeld.com\/","logo":{"@type":"ImageObject","inLanguage":"it-IT","@id":"https:\/\/www.gasthof-seefeld.com\/#\/schema\/logo\/image\/","url":"https:\/\/www.gasthof-seefeld.com\/wp-content\/uploads\/2019\/07\/gasthof-seefeld-logo.jpg","contentUrl":"https:\/\/www.gasthof-seefeld.com\/wp-content\/uploads\/2019\/07\/gasthof-seefeld-logo.jpg","width":1200,"height":627,"caption":"Gasthof Seefeld Batzenh\u00e4usl"},"image":{"@id":"https:\/\/www.gasthof-seefeld.com\/#\/schema\/logo\/image\/"},"sameAs":["https:\/\/www.facebook.com\/gasthof.seefeld\/","https:\/\/www.instagram.com\/kaltschmid.hotels.seefeld\/","https:\/\/www.youtube.com\/user\/KaltschmidSeefeld"]}]}},"_links":{"self":[{"href":"https:\/\/www.gasthof-seefeld.com\/it\/wp-json\/wp\/v2\/pages\/1395","targetHints":{"allow":["GET"]}}],"collection":[{"href":"https:\/\/www.gasthof-seefeld.com\/it\/wp-json\/wp\/v2\/pages"}],"about":[{"href":"https:\/\/www.gasthof-seefeld.com\/it\/wp-json\/wp\/v2\/types\/page"}],"author":[{"embeddable":true,"href":"https:\/\/www.gasthof-seefeld.com\/it\/wp-json\/wp\/v2\/users\/1"}],"replies":[{"embeddable":true,"href":"https:\/\/www.gasthof-seefeld.com\/it\/wp-json\/wp\/v2\/comments?post=1395"}],"version-history":[{"count":40,"href":"https:\/\/www.gasthof-seefeld.com\/it\/wp-json\/wp\/v2\/pages\/1395\/revisions"}],"predecessor-version":[{"id":10760,"href":"https:\/\/www.gasthof-seefeld.com\/it\/wp-json\/wp\/v2\/pages\/1395\/revisions\/10760"}],"wp:featuredmedia":[{"embeddable":true,"href":"https:\/\/www.gasthof-seefeld.com\/it\/wp-json\/wp\/v2\/media\/6747"}],"wp:attachment":[{"href":"https:\/\/www.gasthof-seefeld.com\/it\/wp-json\/wp\/v2\/media?parent=1395"}],"wp:term":[{"taxonomy":"category","embeddable":true,"href":"https:\/\/www.gasthof-seefeld.com\/it\/wp-json\/wp\/v2\/categories?post=1395"},{"taxonomy":"post_tag","embeddable":true,"href":"https:\/\/www.gasthof-seefeld.com\/it\/wp-json\/wp\/v2\/tags?post=1395"}],"curies":[{"name":"wp","href":"https:\/\/api.w.org\/{rel}","templated":true}]}}